{"id":82,"date":"2025-03-20T09:16:41","date_gmt":"2025-03-20T08:16:41","guid":{"rendered":"https:\/\/younique.previsionlab.hu\/?page_id=82"},"modified":"2025-06-13T08:12:38","modified_gmt":"2025-06-13T06:12:38","slug":"rolunk","status":"publish","type":"page","link":"https:\/\/youniquecommunication.hu\/?page_id=82","title":{"rendered":"R\u00f3lunk"},"content":{"rendered":"<h1>\n<p class=\"p1\">Mi\u00e9rt YOUnique?<\/p>\n<\/h1>\n<p><img decoding=\"async\" src=\"\/wp-content\/uploads\/2025\/06\/Nevtelen-terv-6.png\" alt=\"\"><\/p>\n<div>\n<p class=\"p1\">Mert mindenki egyedi, Te is az vagy! Ezt az egyedis\u00e9get hozzuk ki bel\u0151led, \u00e9s alak\u00edtjuk \u00e1t \u00e9rt\u00e9kk\u00e9.<\/p>\n<p>Nem tudunk prec\u00edzi\u00f3s g\u00e9psorokat gy\u00e1rtani vagy be\u00e1ll\u00edtani, sem befektet\u00e9si tan\u00e1csokat adni vagy gondoskodni munkat\u00e1rsaid eg\u00e9szs\u00e9g\u00e9r\u0151l.<\/p>\n<p>Viszont men\u0151 filmekben el tudjuk mes\u00e9lni, mennyire j\u00f3l m\u0171k\u00f6dik v\u00e1llalatod \u00faj berendez\u00e9se, kreat\u00edv interj\u00faban be tudunk sz\u00e1molni r\u00f3la, milyen int\u00e9zked\u00e9sekkel seg\u00edted el\u0151 munkat\u00e1rsaid j\u00f3ll\u00e9t\u00e9t.<\/p>\n<p>\u00c9s persze m\u00e9g sok minden m\u00e1sban fogjuk a kezed, hogy Te is \u00e9s szervezeted is \u00f6nmaga tudjon lenni!<\/p>\n<\/div>\n<div>\n<p class=\"p1\">A igaz\u00e1n hat\u00e9kony kommunik\u00e1ci\u00f3 <strong>szem\u00e9lyre szabott, hiteles \u00e9s egyedi.<\/strong> Nem hisz\u00fcnk a sablonokban \u2013 minden \u00fcgyfel\u00fcnk m\u00e1s, ez\u00e9rt minden egyes kamp\u00e1nyt, \u00fczenetet \u00e9s kreat\u00edv megold\u00e1st az adott m\u00e1rk\u00e1hoz \u00e9s c\u00e9lcsoporthoz igaz\u00edtunk.<\/p>\n<\/div>\n<h2>Strat\u00e9gia. Kreativit\u00e1s. Siker.<\/h2>\n<div>\n<p>A j\u00f3 marketingstrat\u00e9gia a siker alapja, de \u00f6nmag\u00e1ban nem el\u00e9g. Kell hozz\u00e1 kreativit\u00e1s is, hogy val\u00f3ban kit\u0171nj a versenyt\u00e1rsak k\u00f6z\u00fcl. Mi \u00f6tv\u00f6zz\u00fck a prec\u00edz strat\u00e9gi\u00e1t \u00e9s a val\u00f3ban egyedi \u00f6tleteket, hogy \u00fczeneteid ne csak l\u00e1that\u00f3ak, hanem eml\u00e9kezetesek is legyenek. Hogy meglegyen az a bizonyos Wow!<\/p>\n<\/div>\n<p><!--more--><br \/>\n<!-- {\"type\":\"layout\",\"children\":[{\"type\":\"section\",\"props\":{\"id\":\"about\",\"image_position\":\"center-center\",\"padding\":\"large\",\"padding_remove_bottom\":false,\"style\":\"default\",\"title_breakpoint\":\"xl\",\"title_position\":\"top-left\",\"title_rotation\":\"left\",\"vertical_align\":\"\",\"width\":\"default\"},\"children\":[{\"type\":\"row\",\"children\":[{\"type\":\"column\",\"props\":{\"image_position\":\"center-center\",\"position_sticky_breakpoint\":\"m\"},\"children\":[{\"type\":\"headline\",\"props\":{\"content\":\"\n\n<p class=\\\"p1\\\">Mi\\u00e9rt YOUnique?<\\\/p>\",\"margin\":\"default\",\"text_align\":\"center\",\"title_color\":\"background\",\"title_element\":\"h1\",\"title_font_family\":\"primary\",\"title_style\":\"heading-small\"}}]}]},{\"type\":\"row\",\"props\":{\"column_gap\":\"large\",\"layout\":\"1-3,2-3\",\"row_gap\":\"medium\"},\"children\":[{\"type\":\"column\",\"props\":{\"image_position\":\"center-center\",\"position_sticky_breakpoint\":\"m\",\"vertical_align\":\"bottom\",\"width_medium\":\"1-3\"},\"children\":[{\"type\":\"image\",\"props\":{\"image\":\"wp-content\\\/uploads\\\/2025\\\/06\\\/Nevtelen-terv-6.png\",\"image_height\":1920,\"image_svg_color\":\"emphasis\",\"image_width\":1920,\"margin\":\"default\",\"visibility\":\"m\"}}]},{\"type\":\"column\",\"props\":{\"image_position\":\"center-center\",\"position_sticky_breakpoint\":\"m\",\"width_medium\":\"2-3\"},\"children\":[{\"type\":\"text\",\"props\":{\"column_breakpoint\":\"m\",\"content\":\"\n\n<p class=\\\"p1\\\">Mert mindenki egyedi, Te is az vagy! Ezt az egyedis\\u00e9get hozzuk ki bel\\u0151led, \\u00e9s alak\\u00edtjuk \\u00e1t \\u00e9rt\\u00e9kk\\u00e9.<\\\/p>\\n\n\n<p>Nem tudunk prec\\u00edzi\\u00f3s g\\u00e9psorokat gy\\u00e1rtani vagy be\\u00e1ll\\u00edtani, sem befektet\\u00e9si tan\\u00e1csokat adni vagy gondoskodni munkat\\u00e1rsaid eg\\u00e9szs\\u00e9g\\u00e9r\\u0151l.<\\\/p>\\n\n\n<p>Viszont men\\u0151 filmekben el tudjuk mes\\u00e9lni, mennyire j\\u00f3l m\\u0171k\\u00f6dik v\\u00e1llalatod \\u00faj berendez\\u00e9se, kreat\\u00edv interj\\u00faban be tudunk sz\\u00e1molni r\\u00f3la, milyen int\\u00e9zked\\u00e9sekkel seg\\u00edted el\\u0151 munkat\\u00e1rsaid j\\u00f3ll\\u00e9t\\u00e9t.<\\\/p>\\n\n\n<p>\\u00c9s persze m\\u00e9g sok minden m\\u00e1sban fogjuk a kezed, hogy Te is \\u00e9s szervezeted is \\u00f6nmaga tudjon lenni!<\\\/p>\",\"margin\":\"\",\"text_align\":\"left\"}}]}]},{\"type\":\"row\",\"children\":[{\"type\":\"column\",\"props\":{\"image_position\":\"center-center\",\"position_sticky_breakpoint\":\"m\"},\"children\":[{\"type\":\"text\",\"props\":{\"column_breakpoint\":\"m\",\"content\":\"\n\n<p class=\\\"p1\\\">A igaz\\u00e1n hat\\u00e9kony kommunik\\u00e1ci\\u00f3 <strong>szem\\u00e9lyre szabott, hiteles \\u00e9s egyedi.<\\\/strong> Nem hisz\\u00fcnk a sablonokban \\u2013 minden \\u00fcgyfel\\u00fcnk m\\u00e1s, ez\\u00e9rt minden egyes kamp\\u00e1nyt, \\u00fczenetet \\u00e9s kreat\\u00edv megold\\u00e1st az adott m\\u00e1rk\\u00e1hoz \\u00e9s c\\u00e9lcsoporthoz igaz\\u00edtunk.<\\\/p>\",\"margin\":\"\",\"text_align\":\"left\"}}]}]}],\"name\":\"About\"},{\"type\":\"section\",\"props\":{\"image_position\":\"center-center\",\"padding_remove_bottom\":false,\"style\":\"muted\",\"title_breakpoint\":\"xl\",\"title_position\":\"top-left\",\"title_rotation\":\"left\",\"vertical_align\":\"\",\"width\":\"large\"},\"children\":[{\"type\":\"row\",\"props\":{\"column_gap\":\"collapse\",\"layout\":\"1-2,1-2\",\"row_gap\":\"collapse\"},\"children\":[{\"type\":\"column\",\"props\":{\"css\":\".el-column {min-height: 350px;}\",\"image\":\"wp-content\\\/uploads\\\/projects-larq-bottle.jpg\",\"image_position\":\"center-center\",\"image_size\":\"cover\",\"image_width\":\"900\",\"padding\":\"xlarge\",\"position_sticky_breakpoint\":\"m\",\"width_medium\":\"1-2\"}},{\"type\":\"column\",\"props\":{\"image_position\":\"center-center\",\"order_first\":\"m\",\"padding\":\"large\",\"position_sticky_breakpoint\":\"m\",\"style\":\"tile-default\",\"width_medium\":\"1-2\"},\"children\":[{\"type\":\"headline\",\"props\":{\"block_align\":\"center\",\"content\":\"Strat\\u00e9gia. Kreativit\\u00e1s. Siker.\",\"maxwidth\":\"large\",\"title_color\":\"background\",\"title_element\":\"h2\",\"title_font_family\":\"primary\",\"title_style\":\"h1\"}},{\"type\":\"text\",\"props\":{\"block_align\":\"center\",\"column_breakpoint\":\"m\",\"content\":\"\n\n<p>A j\\u00f3 marketingstrat\\u00e9gia a siker alapja, de \\u00f6nmag\\u00e1ban nem el\\u00e9g. Kell hozz\\u00e1 kreativit\\u00e1s is, hogy val\\u00f3ban kit\\u0171nj a versenyt\\u00e1rsak k\\u00f6z\\u00fcl. Mi \\u00f6tv\\u00f6zz\\u00fck a prec\\u00edz strat\\u00e9gi\\u00e1t \\u00e9s a val\\u00f3ban egyedi \\u00f6tleteket, hogy \\u00fczeneteid ne csak l\\u00e1that\\u00f3ak, hanem eml\\u00e9kezetesek is legyenek. Hogy meglegyen az a bizonyos Wow!<\\\/p>\",\"margin\":\"medium\",\"maxwidth\":\"large\"}}]}]}],\"name\":\"CTA\"}],\"version\":\"4.5.11\"} --><\/p>\n","protected":false},"excerpt":{"rendered":"<p>Mi\u00e9rt YOUnique? Mert mindenki egyedi, Te is az vagy! Ezt az egyedis\u00e9get hozzuk ki bel\u0151led, \u00e9s alak\u00edtjuk \u00e1t \u00e9rt\u00e9kk\u00e9. Nem tudunk prec\u00edzi\u00f3s g\u00e9psorokat gy\u00e1rtani vagy be\u00e1ll\u00edtani, sem befektet\u00e9si tan\u00e1csokat adni vagy gondoskodni munkat\u00e1rsaid eg\u00e9szs\u00e9g\u00e9r\u0151l. Viszont men\u0151 filmekben el tudjuk mes\u00e9lni, mennyire j\u00f3l m\u0171k\u00f6dik v\u00e1llalatod \u00faj berendez\u00e9se, kreat\u00edv interj\u00faban be tudunk sz\u00e1molni r\u00f3la, milyen int\u00e9zked\u00e9sekkel seg\u00edted [&hellip;]<\/p>\n","protected":false},"author":1,"featured_media":0,"parent":0,"menu_order":0,"comment_status":"closed","ping_status":"closed","template":"","meta":{"_acf_changed":false,"footnotes":""},"class_list":["post-82","page","type-page","status-publish","hentry"],"acf":[],"lang":"hu","translations":{"hu":82,"de":413},"pll_sync_post":[],"_links":{"self":[{"href":"https:\/\/youniquecommunication.hu\/index.php?rest_route=\/wp\/v2\/pages\/82","targetHints":{"allow":["GET"]}}],"collection":[{"href":"https:\/\/youniquecommunication.hu\/index.php?rest_route=\/wp\/v2\/pages"}],"about":[{"href":"https:\/\/youniquecommunication.hu\/index.php?rest_route=\/wp\/v2\/types\/page"}],"author":[{"embeddable":true,"href":"https:\/\/youniquecommunication.hu\/index.php?rest_route=\/wp\/v2\/users\/1"}],"replies":[{"embeddable":true,"href":"https:\/\/youniquecommunication.hu\/index.php?rest_route=%2Fwp%2Fv2%2Fcomments&post=82"}],"version-history":[{"count":16,"href":"https:\/\/youniquecommunication.hu\/index.php?rest_route=\/wp\/v2\/pages\/82\/revisions"}],"predecessor-version":[{"id":364,"href":"https:\/\/youniquecommunication.hu\/index.php?rest_route=\/wp\/v2\/pages\/82\/revisions\/364"}],"wp:attachment":[{"href":"https:\/\/youniquecommunication.hu\/index.php?rest_route=%2Fwp%2Fv2%2Fmedia&parent=82"}],"curies":[{"name":"wp","href":"https:\/\/api.w.org\/{rel}","templated":true}]}}