{"id":7,"date":"2025-03-19T15:13:34","date_gmt":"2025-03-19T14:13:34","guid":{"rendered":"https:\/\/younique.previsionlab.hu\/?page_id=7"},"modified":"2025-10-27T06:54:06","modified_gmt":"2025-10-27T05:54:06","slug":"kezdooldal","status":"publish","type":"page","link":"https:\/\/youniquecommunication.hu\/","title":{"rendered":"Kezd\u0151oldal"},"content":{"rendered":"<h1>Kommunik\u00e1ci\u00f3, <br \/>ahogy meg\u00e1lmodtad!<\/h1>\n<div>\n<p>\u00dcdv\u00f6zl\u00fcnk a YOUnique weboldal\u00e1n!<\/p>\n<p>A sikeres marketing nem csak el\u00e9r, egyedis\u00e9get is jelent. C\u00e9lunk, hogy szem\u00e9lyre szabott strat\u00e9gi\u00e1val \u00e9s kreat\u00edv megold\u00e1sokkal olyan m\u00e1rk\u00e1t \u00e9p\u00edts\u00fcnk, amivel nem csak \u00e9szrevesznek, meg is jegyeznek.<\/p>\n<\/div>\n<ul>\n<li>\n<p>        <video src=\"\/wp-content\/uploads\/2025\/06\/HannesReeh_Andau_1.mp4\"><\/video><\/p>\n<h1>Hannes Reeh, Andau \u2013 The Artline Collection<\/h1>\n<p>Film<\/p>\n<div>\n<p class=\"p1\">Csak p\u00e1r l\u00e9p\u00e9ssel a hat\u00e1r t\u00faloldal\u00e1n, Andauban j\u00e1rtunk. A Hannes Reeh bor\u00e1szat bemutatta leg\u00fajabb egy\u00fcttm\u0171k\u00f6d\u00e9s\u00e9t Martin Tardy k\u00e9pz\u0151m\u0171v\u00e9sszel, akinek vonalrajzai d\u00edsz\u00edtik az Artline Collection borok c\u00edmk\u00e9it. A deb\u00fct egy igaz\u00e1n st\u00edlusos influencer esem\u00e9ny volt, amin az osztr\u00e1k k\u00f6z\u00e9let sz\u00edne-java felvonult, mi pedig ott voltunk kamer\u00e1nkkal az este folyam\u00e1n.<\/p>\n<\/div>\n<p><a href=\"\/projekt\/hannes-reeh-andau\/\">R\u00e9szletek<\/a><\/p>\n<\/li>\n<li>\n<p>        <img decoding=\"async\" src=\"\/wp-content\/uploads\/2025\/06\/tothborbirtok-piknik-1-%E2%80%93-nagy.jpeg\" alt=\"\"><\/p>\n<h1>T\u00d3THBORBIRTOK \u2013 P\u00fcnk\u00f6sdi Birtokl\u00e1togat\u00e1s \u00e9s Piknik<\/h1>\n<p>Fot\u00f3<\/p>\n<div>\n<p class=\"p1\">A Pannonhalmi Borvid\u00e9k fiatal, ambici\u00f3zus bor\u00e1szat\u00e1nak \u00e9vr\u0151l-\u00e9vre megrendezett, t\u00f6bb sz\u00e1z f\u0151s, trendi rendezv\u00e9nye m\u00e1r szinte nem is munka, ink\u00e1bb sz\u00f3rakoz\u00e1s sz\u00e1munkra is, amit persze ugyanolyan profizmussal fot\u00f3zunk v\u00e9gig, mintha egy m\u0171t\u0151ben tenn\u00e9nk&#8230; csak mert volt m\u00e1r olyan is \ud83d\ude09<\/p>\n<\/div>\n<p><a href=\"\/projekt\/tothborbirtok-punkosdi-birtoklatogatas-es-piknik\/\">R\u00e9szletek<\/a><\/p>\n<\/li>\n<li>\n<p>        <video src=\"\/wp-content\/uploads\/2025\/06\/AUDI-TT_3gen_HU_1.mp4\"><\/video><\/p>\n<h1>3 gener\u00e1ci\u00f3 AUDI TT<\/h1>\n<p>Film<\/p>\n<div>\n<p>Vannak megb\u00edz\u00e1sok, amik k\u00fcl\u00f6n\u00f6sen meg\u00e9rintenek. 3 gener\u00e1ci\u00f3 az ikonikus sportaut\u00f3b\u00f3l, ami Hungarikumm\u00e1 v\u00e1lt, \u00e9s meghat\u00e1rozta nem csak egy v\u00e1llalat, hanem egy v\u00e1ros identit\u00e1s\u00e1t is hossz\u00fa \u00e9veken kereszt\u00fcl.<\/p>\n<\/div>\n<p><a href=\"\/projekt\/3-generacio-audi-tt\/\">R\u00e9szletek<\/a><\/p>\n<\/li>\n<li>\n<p>        <img decoding=\"async\" src=\"\/wp-content\/uploads\/2025\/06\/TothBorbirtok-feldolgozo-uzem-atadasa-09_13-pentek12-scaled.jpg\" alt=\"\"><\/p>\n<h1>T\u00d3THBORBIRTOK avat\u00f3<\/h1>\n<p>Rendezv\u00e9ny<\/p>\n<div>\n<p>A zord id\u0151 ellen\u00e9re sok-sok, sz\u00e1munkra fontos ember \u00fcnnepelte a T\u00d3THBORBIRTOK bor\u00e1szati feldolgoz\u00f3\u00fczem\u00e9nek \u00e1tad\u00e1s\u00e1t. Dr. Nagy Istv\u00e1n agr\u00e1rminiszter, Kara \u00c1kos orsz\u00e1ggy\u0171l\u00e9si k\u00e9pvisel\u0151, Matusz Hug\u00f3 OSB perjel atya mellett Pannonhalma polg\u00e1rmestere, gy\u0151ri \u00e9s pannonhalmi borlovagok, borvid\u00e9ki bor\u00e1szt\u00e1rsak, szakmai partnerek \u00e9s t\u00e1mogat\u00f3 bar\u00e1tok t\u00e1rsas\u00e1g\u00e1ban \u00f6r\u00fclhett\u00fcnk az elm\u00falt \u00e9vek munk\u00e1j\u00e1nak megkoron\u00e1z\u00e1s\u00e1nak.<\/p>\n<\/div>\n<p><a href=\"\/projekt\/tothborbirtok-boraszati-feldolgozouzem-avato\/\">R\u00e9szletek<\/a><\/p>\n<\/li>\n<li>\n<p>        <img decoding=\"async\" src=\"\/wp-content\/uploads\/2025\/06\/IMG_1261-scaled.jpg\" alt=\"\"><\/p>\n<h1>VA-FA Asztalosipari Kft.<\/h1>\n<p>K\u00f6z\u00f6ss\u00e9gi m\u00e9dia<\/p>\n<div>A mosonmagyar\u00f3v\u00e1ri c\u00e9g digit\u00e1lis jelenl\u00e9t\u00e9nek egyik pill\u00e9re a k\u00f6z\u00f6ss\u00e9gi m\u00e9dia. Az asztalosszakma \u00e9s egyben projektjeik bemutat\u00e1s\u00e1hoz fot\u00f3z\u00e1sokkal is hozz\u00e1j\u00e1rulunk, \u00edgy nem csak sz\u00f6veges, hanem gyakran k\u00e9pes tartalmat is gy\u00e1rtunk megb\u00edz\u00f3nknak.<\/div>\n<p><a href=\"\/projekt\/3-generacio-audi-tt\/\">R\u00e9szletek<\/a><\/p>\n<\/li>\n<\/ul>\n<h2>H\u00edrek<\/h2>\n<div>N\u00e1lunk mindig t\u00f6rt\u00e9nik valami, \u00edme friss h\u00edreink.<\/div>\n<div>\n<\/div>\n<p><p>\n        <a href=\"\/?page_id=571\">Mind<\/a>\n    <\/p>\n<\/p>\n<h2>K\u00e9rd\u00e9sed van?<\/h2>\n<ul>\n<li>\n<h3>Hogyan kezdj\u00fcnk neki egy k\u00f6z\u00f6s projektnek?<\/h3>\n<div>\n<p>Az els\u0151 \u00e9s legfontosabb, hogy megismerkedj\u00fcnk. Hiszen a kommunik\u00e1ci\u00f3 bizalmi k\u00e9rd\u00e9s is. Te megismersz minket, \u00e9s kialakul a bizalom, mi alaposan megismerj\u00fck a szervezetedet, hogy relev\u00e1ns \u00e9s szem\u00e9lyre szabott megold\u00e1st ny\u00fajtsunk. Kik a c\u00e9lcsoportjaid, \u00e9rdekelti csoportjaid? Milyen st\u00edlusban szeretn\u00e9d vel\u00fck a kapcsolatot tartani? Milyen csatorn\u00e1kon, milyen eszk\u00f6z\u00f6kkel \u00e9red el \u0151ket a legjobban? Mi tudni fogjuk a v\u00e1laszt, te pedig, hogy j\u00f3l d\u00f6nt\u00f6tt\u00e9l!<\/p>\n<\/div>\n<\/li>\n<li>\n<h3>Milyen \u00e1raink vannak?<\/h3>\n<div>\n<p>\u00dcgyn\u00f6ks\u00e9g\u00fcnk projektalap\u00fa \u00e1rakkal dolgozik, melyek term\u00e9szet\u00fckn\u00e9l fogva az aktu\u00e1lis megb\u00edz\u00e1s tartalm\u00e1hoz k\u00e9pest v\u00e1ltoznak. Alapvet\u0151en a r\u00e1ford\u00edtott munka\u00f3r\u00e1inkat, a tud\u00e1sunkat \u00e9s a kreativit\u00e1sunkat \u00e1razzuk be.<\/p>\n<\/div>\n<\/li>\n<li>\n<h3>Mi\u00e9rt mi?<\/h3>\n<div>\n<p class=\"p1\">Mert ahogy Te \u00e9s a szervezeted is, \u00fagy mi is k\u00fcl\u00f6nlegesek vagyunk. Ez legink\u00e1bb abb\u00f3l fakad, hogy figyelmet szentel\u00fcnk \u00fcgyfeleinknek, \u00e9s mindenkit a legnagyobb profizmussal kezel\u00fcnk. Koll\u00e9g\u00e1ink egyt\u0151l-egyig szakm\u00e1juk kiemelked\u0151 k\u00e9pvisel\u0151i, \u00e9s ami a legfontosabb, szerelmesei is egyben. M\u00e1shogy nem is lenne \u00e9rdemes.<\/p>\n<\/div>\n<\/li>\n<\/ul>\n<p><!--more--><br \/>\n<!-- {\"type\":\"layout\",\"children\":[{\"type\":\"section\",\"props\":{\"image_position\":\"center-center\",\"padding\":\"large\",\"padding_remove_bottom\":false,\"style\":\"default\",\"title_breakpoint\":\"xl\",\"title_position\":\"top-left\",\"title_rotation\":\"left\",\"vertical_align\":\"\",\"width\":\"large\"},\"children\":[{\"type\":\"row\",\"children\":[{\"type\":\"column\",\"props\":{\"image_position\":\"center-center\",\"position_sticky_breakpoint\":\"m\",\"width_medium\":\"3-5\"},\"children\":[{\"type\":\"headline\",\"props\":{\"content\":\"Kommunik\\u00e1ci\\u00f3, <br \\\/>ahogy meg\\u00e1lmodtad!\",\"title_color\":\"background\",\"title_element\":\"h1\",\"title_style\":\"heading-medium\"}}]},{\"type\":\"column\",\"props\":{\"image_position\":\"center-center\",\"position_sticky_breakpoint\":\"m\",\"width_medium\":\"2-5\"},\"children\":[{\"type\":\"text\",\"props\":{\"column_breakpoint\":\"m\",\"content\":\"\n\n<p>\\u00dcdv\\u00f6zl\\u00fcnk a YOUnique weboldal\\u00e1n!<\\\/p>\\n\n\n<p>A sikeres marketing nem csak el\\u00e9r, egyedis\\u00e9get is jelent. C\\u00e9lunk, hogy szem\\u00e9lyre szabott strat\\u00e9gi\\u00e1val \\u00e9s kreat\\u00edv megold\\u00e1sokkal olyan m\\u00e1rk\\u00e1t \\u00e9p\\u00edts\\u00fcnk, amivel nem csak \\u00e9szrevesznek, meg is jegyeznek.<\\\/p>\",\"margin\":\"default\",\"text_style\":\"lead\"}}]}],\"props\":{\"layout\":\"3-5,2-5\"}}],\"name\":\"Hero\"},{\"type\":\"section\",\"props\":{\"image_position\":\"center-center\",\"padding_remove_top\":true,\"style\":\"default\",\"title_breakpoint\":\"xl\",\"title_position\":\"top-left\",\"title_rotation\":\"left\",\"vertical_align\":\"\",\"width\":\"large\",\"width_expand\":\"left\"},\"children\":[{\"type\":\"row\",\"children\":[{\"type\":\"column\",\"props\":{\"image_position\":\"center-center\",\"position_sticky_breakpoint\":\"m\"},\"children\":[{\"type\":\"panel-slider\",\"props\":{\"content_column_breakpoint\":\"m\",\"css\":\"@media (max-width: 959px) {\\n    \\n    .el-element.uk-container-item-padding-remove-left {\\n        width: 100%;\\n        margin-left: 0;\\n    }\\n    \\n}\",\"icon_width\":80,\"image_align\":\"left\",\"image_grid_breakpoint\":\"m\",\"image_grid_width\":\"1-2\",\"image_height\":1080,\"image_svg_color\":\"emphasis\",\"image_width\":1920,\"link_style\":\"default\",\"link_text\":\"R\\u00e9szletek\",\"margin\":\"default\",\"meta_align\":\"below-title\",\"meta_element\":\"div\",\"meta_style\":\"text-meta\",\"nav\":\"dotnav\",\"nav_align\":\"center\",\"nav_breakpoint\":\"s\",\"panel_expand\":\"image\",\"panel_match\":false,\"show_content\":true,\"show_hover_image\":true,\"show_hover_video\":true,\"show_image\":true,\"show_link\":true,\"show_meta\":true,\"show_title\":true,\"show_video\":true,\"slidenav\":\"outside\",\"slidenav_breakpoint\":\"xl\",\"slidenav_margin\":\"medium\",\"slidenav_outside_breakpoint\":\"xl\",\"slider_autoplay\":true,\"slider_autoplay_interval\":\"5\",\"slider_autoplay_pause\":true,\"slider_gap\":\"large\",\"slider_parallax\":false,\"slider_width\":\"fixed\",\"slider_width_default\":\"1-1\",\"slider_width_medium\":\"\",\"title_align\":\"top\",\"title_element\":\"h1\",\"title_grid_breakpoint\":\"m\",\"title_grid_width\":\"1-2\",\"title_hover_style\":\"reset\"},\"children\":[{\"type\":\"panel-slider_item\",\"props\":{\"content\":\"\n\n<p class=\\\"p1\\\">Csak p\\u00e1r l\\u00e9p\\u00e9ssel a hat\\u00e1r t\\u00faloldal\\u00e1n, Andauban j\\u00e1rtunk. A Hannes Reeh bor\\u00e1szat bemutatta leg\\u00fajabb egy\\u00fcttm\\u0171k\\u00f6d\\u00e9s\\u00e9t Martin Tardy k\\u00e9pz\\u0151m\\u0171v\\u00e9sszel, akinek vonalrajzai d\\u00edsz\\u00edtik az Artline Collection borok c\\u00edmk\\u00e9it. A deb\\u00fct egy igaz\\u00e1n st\\u00edlusos influencer esem\\u00e9ny volt, amin az osztr\\u00e1k k\\u00f6z\\u00e9let sz\\u00edne-java felvonult, mi pedig ott voltunk kamer\\u00e1nkkal az este folyam\\u00e1n.<\\\/p>\",\"link\":\"projekt\\\/hannes-reeh-andau\\\/\",\"meta\":\"Film\",\"title\":\"Hannes Reeh, Andau \\u2013 The Artline Collection\",\"video\":\"wp-content\\\/uploads\\\/2025\\\/06\\\/HannesReeh_Andau_1.mp4\"}},{\"type\":\"panel-slider_item\",\"props\":{\"content\":\"\n\n<p class=\\\"p1\\\">A Pannonhalmi Borvid\\u00e9k fiatal, ambici\\u00f3zus bor\\u00e1szat\\u00e1nak \\u00e9vr\\u0151l-\\u00e9vre megrendezett, t\\u00f6bb sz\\u00e1z f\\u0151s, trendi rendezv\\u00e9nye m\\u00e1r szinte nem is munka, ink\\u00e1bb sz\\u00f3rakoz\\u00e1s sz\\u00e1munkra is, amit persze ugyanolyan profizmussal fot\\u00f3zunk v\\u00e9gig, mintha egy m\\u0171t\\u0151ben tenn\\u00e9nk... csak mert volt m\\u00e1r olyan is \ud83d\ude09<\\\/p>\",\"image\":\"wp-content\\\/uploads\\\/2025\\\/06\\\/tothborbirtok-piknik-1-\\u2013-nagy.jpeg\",\"link\":\"projekt\\\/tothborbirtok-punkosdi-birtoklatogatas-es-piknik\\\/\",\"meta\":\"Fot\\u00f3\",\"title\":\"T\\u00d3THBORBIRTOK \\u2013 P\\u00fcnk\\u00f6sdi Birtokl\\u00e1togat\\u00e1s \\u00e9s Piknik\"}},{\"type\":\"panel-slider_item\",\"props\":{\"content\":\"\n\n<p>Vannak megb\\u00edz\\u00e1sok, amik k\\u00fcl\\u00f6n\\u00f6sen meg\\u00e9rintenek. 3 gener\\u00e1ci\\u00f3 az ikonikus sportaut\\u00f3b\\u00f3l, ami Hungarikumm\\u00e1 v\\u00e1lt, \\u00e9s meghat\\u00e1rozta nem csak egy v\\u00e1llalat, hanem egy v\\u00e1ros identit\\u00e1s\\u00e1t is hossz\\u00fa \\u00e9veken kereszt\\u00fcl.<\\\/p>\",\"image\":\"\",\"link\":\"projekt\\\/3-generacio-audi-tt\\\/\",\"meta\":\"Film\",\"title\":\"3 gener\\u00e1ci\\u00f3 AUDI TT\",\"video\":\"wp-content\\\/uploads\\\/2025\\\/06\\\/AUDI-TT_3gen_HU_1.mp4\"}},{\"type\":\"panel-slider_item\",\"props\":{\"content\":\"\n\n<p>A zord id\\u0151 ellen\\u00e9re sok-sok, sz\\u00e1munkra fontos ember \\u00fcnnepelte a T\\u00d3THBORBIRTOK bor\\u00e1szati feldolgoz\\u00f3\\u00fczem\\u00e9nek \\u00e1tad\\u00e1s\\u00e1t. Dr. Nagy Istv\\u00e1n agr\\u00e1rminiszter, Kara \\u00c1kos orsz\\u00e1ggy\\u0171l\\u00e9si k\\u00e9pvisel\\u0151, Matusz Hug\\u00f3 OSB perjel atya mellett Pannonhalma polg\\u00e1rmestere, gy\\u0151ri \\u00e9s pannonhalmi borlovagok, borvid\\u00e9ki bor\\u00e1szt\\u00e1rsak, szakmai partnerek \\u00e9s t\\u00e1mogat\\u00f3 bar\\u00e1tok t\\u00e1rsas\\u00e1g\\u00e1ban \\u00f6r\\u00fclhett\\u00fcnk az elm\\u00falt \\u00e9vek munk\\u00e1j\\u00e1nak megkoron\\u00e1z\\u00e1s\\u00e1nak.<\\\/p>\",\"image\":\"wp-content\\\/uploads\\\/2025\\\/06\\\/TothBorbirtok-feldolgozo-uzem-atadasa-09_13-pentek12-scaled.jpg\",\"link\":\"projekt\\\/tothborbirtok-boraszati-feldolgozouzem-avato\\\/\",\"meta\":\"Rendezv\\u00e9ny\",\"title\":\"T\\u00d3THBORBIRTOK avat\\u00f3\",\"video\":\"\"}},{\"type\":\"panel-slider_item\",\"props\":{\"content\":\"A mosonmagyar\\u00f3v\\u00e1ri c\\u00e9g digit\\u00e1lis jelenl\\u00e9t\\u00e9nek egyik pill\\u00e9re a k\\u00f6z\\u00f6ss\\u00e9gi m\\u00e9dia. Az asztalosszakma \\u00e9s egyben projektjeik bemutat\\u00e1s\\u00e1hoz fot\\u00f3z\\u00e1sokkal is hozz\\u00e1j\\u00e1rulunk, \\u00edgy nem csak sz\\u00f6veges, hanem gyakran k\\u00e9pes tartalmat is gy\\u00e1rtunk megb\\u00edz\\u00f3nknak.\",\"image\":\"wp-content\\\/uploads\\\/2025\\\/06\\\/IMG_1261-scaled.jpg\",\"link\":\"projekt\\\/3-generacio-audi-tt\\\/\",\"meta\":\"K\\u00f6z\\u00f6ss\\u00e9gi m\\u00e9dia\",\"title\":\"VA-FA Asztalosipari Kft.\",\"video\":\"\"}}]}]}]}],\"name\":\"Featured Company\"},{\"type\":\"section\",\"props\":{\"image_position\":\"center-center\",\"padding_remove_bottom\":false,\"style\":\"muted\",\"title_breakpoint\":\"xl\",\"title_position\":\"top-left\",\"title_rotation\":\"left\",\"vertical_align\":\"\",\"width\":\"large\"},\"children\":[{\"type\":\"row\",\"props\":{\"margin\":\"large\"},\"children\":[{\"type\":\"column\",\"props\":{\"image_position\":\"center-center\",\"position_sticky_breakpoint\":\"m\",\"width_medium\":\"1-1\"},\"children\":[{\"type\":\"headline\",\"props\":{\"content\":\"H\\u00edrek\",\"title_element\":\"h2\",\"title_style\":\"h1\"}}]}]},{\"type\":\"row\",\"props\":{\"column_gap\":\"large\",\"layout\":\"1-4,3-4\",\"margin\":\"large\"},\"children\":[{\"type\":\"column\",\"props\":{\"image_position\":\"center-center\",\"position_sticky_breakpoint\":\"m\",\"width_large\":\"1-4\"},\"children\":[{\"type\":\"divider\",\"props\":{\"divider_element\":\"div\",\"divider_style\":\"small\",\"margin\":\"medium\"}},{\"type\":\"text\",\"props\":{\"column_breakpoint\":\"m\",\"content\":\"N\\u00e1lunk mindig t\\u00f6rt\\u00e9nik valami, \\u00edme friss h\\u00edreink.\",\"margin\":\"default\",\"margin_remove_bottom\":false,\"maxwidth\":\"medium\",\"maxwidth_breakpoint\":\"m\"}}]},{\"type\":\"column\",\"props\":{\"image_position\":\"center-center\",\"position_sticky_breakpoint\":\"m\",\"width_large\":\"3-4\"},\"children\":[{\"type\":\"grid\",\"props\":{\"content_column_breakpoint\":\"m\",\"filter_align\":\"left\",\"filter_all\":true,\"filter_grid_breakpoint\":\"m\",\"filter_grid_width\":\"auto\",\"filter_position\":\"top\",\"filter_style\":\"tab\",\"grid_column_gap\":\"medium\",\"grid_default\":\"1\",\"grid_masonry\":\"pack\",\"grid_medium\":\"3\",\"grid_row_gap\":\"medium\",\"grid_small\":\"2\",\"icon_width\":80,\"image_align\":\"top\",\"image_grid_breakpoint\":\"m\",\"image_grid_width\":\"1-2\",\"image_height\":350,\"image_svg_color\":\"emphasis\",\"image_width\":\"610\",\"item_animation\":true,\"lightbox_bg_close\":true,\"link_style\":\"default\",\"link_text\":\"\",\"margin\":\"default\",\"meta_align\":\"below-title\",\"meta_element\":\"div\",\"meta_style\":\"text-meta\",\"panel_image_no_padding\":true,\"panel_link\":true,\"panel_link_hover\":\"true\",\"panel_padding\":\"default\",\"panel_style\":\"card-default\",\"parallax_easing\":\"1\",\"show_content\":true,\"show_hover_image\":true,\"show_hover_video\":true,\"show_image\":true,\"show_link\":true,\"show_meta\":true,\"show_title\":true,\"show_video\":true,\"title_align\":\"top\",\"title_element\":\"h3\",\"title_grid_breakpoint\":\"m\",\"title_grid_width\":\"1-2\",\"title_hover_style\":\"reset\",\"title_style\":\"h4\"},\"children\":[{\"type\":\"grid_item\",\"props\":{\"item_element\":\"article\"},\"source\":{\"query\":{\"name\":\"posts.customPosts\",\"arguments\":{\"terms\":[],\"category_operator\":\"IN\",\"post_tag_operator\":\"IN\",\"users\":[],\"users_operator\":\"IN\",\"offset\":0,\"limit\":3,\"order\":\"date\",\"order_direction\":\"DESC\"}},\"props\":{\"title\":{\"name\":\"title\"},\"meta\":{\"filters\":{\"date\":\"\"},\"name\":\"date\"},\"image\":{\"name\":\"featuredImage.url\"},\"link\":{\"name\":\"link\"}}}}]},{\"type\":\"button\",\"props\":{\"grid_column_gap\":\"small\",\"grid_row_gap\":\"small\",\"margin\":\"large\",\"text_align\":\"right\",\"text_align_breakpoint\":\"m\"},\"children\":[{\"type\":\"button_item\",\"props\":{\"button_style\":\"text\",\"content\":\"Mind\",\"dialog_layout\":\"modal\",\"dialog_offcanvas_flip\":true,\"icon_align\":\"left\",\"link\":\"?page_id=571\"}}]}]}]}],\"name\":\"Latest Posts\"},{\"type\":\"section\",\"props\":{\"image_position\":\"center-center\",\"padding\":\"large\",\"style\":\"default\",\"title_breakpoint\":\"xl\",\"title_position\":\"top-left\",\"title_rotation\":\"left\",\"vertical_align\":\"\",\"width\":\"default\"},\"children\":[{\"type\":\"row\",\"props\":{\"layout\":\"1-3,2-3\"},\"children\":[{\"type\":\"column\",\"props\":{\"image_position\":\"center-center\",\"position_sticky_breakpoint\":\"m\",\"width_medium\":\"1-3\"},\"children\":[{\"type\":\"headline\",\"props\":{\"content\":\"K\\u00e9rd\\u00e9sed van?\",\"maxwidth\":\"medium\",\"title_element\":\"h2\",\"title_style\":\"h1\"}}]},{\"type\":\"column\",\"props\":{\"image_position\":\"center-center\",\"position_sticky_breakpoint\":\"m\",\"width_medium\":\"2-3\"},\"children\":[{\"type\":\"accordion\",\"props\":{\"collapsible\":true,\"content_column_breakpoint\":\"m\",\"image_align\":\"top\",\"image_grid_breakpoint\":\"m\",\"image_grid_width\":\"1-2\",\"image_svg_color\":\"emphasis\",\"link_style\":\"default\",\"link_text\":\"Read more\",\"multiple\":true,\"show_image\":true,\"show_link\":true},\"children\":[{\"type\":\"accordion_item\",\"props\":{\"content\":\"\n\n<p>Az els\\u0151 \\u00e9s legfontosabb, hogy megismerkedj\\u00fcnk. Hiszen a kommunik\\u00e1ci\\u00f3 bizalmi k\\u00e9rd\\u00e9s is. Te megismersz minket, \\u00e9s kialakul a bizalom, mi alaposan megismerj\\u00fck a szervezetedet, hogy relev\\u00e1ns \\u00e9s szem\\u00e9lyre szabott megold\\u00e1st ny\\u00fajtsunk. Kik a c\\u00e9lcsoportjaid, \\u00e9rdekelti csoportjaid? Milyen st\\u00edlusban szeretn\\u00e9d vel\\u00fck a kapcsolatot tartani? Milyen csatorn\\u00e1kon, milyen eszk\\u00f6z\\u00f6kkel \\u00e9red el \\u0151ket a legjobban? Mi tudni fogjuk a v\\u00e1laszt, te pedig, hogy j\\u00f3l d\\u00f6nt\\u00f6tt\\u00e9l!<\\\/p>\",\"title\":\"Hogyan kezdj\\u00fcnk neki egy k\\u00f6z\\u00f6s projektnek?\"}},{\"type\":\"accordion_item\",\"props\":{\"content\":\"\n\n<p>\\u00dcgyn\\u00f6ks\\u00e9g\\u00fcnk projektalap\\u00fa \\u00e1rakkal dolgozik, melyek term\\u00e9szet\\u00fckn\\u00e9l fogva az aktu\\u00e1lis megb\\u00edz\\u00e1s tartalm\\u00e1hoz k\\u00e9pest v\\u00e1ltoznak. Alapvet\\u0151en a r\\u00e1ford\\u00edtott munka\\u00f3r\\u00e1inkat, a tud\\u00e1sunkat \\u00e9s a kreativit\\u00e1sunkat \\u00e1razzuk be.<\\\/p>\",\"title\":\"Milyen \\u00e1raink vannak?\"}},{\"type\":\"accordion_item\",\"props\":{\"content\":\"\n\n<p class=\\\"p1\\\">Mert ahogy Te \\u00e9s a szervezeted is, \\u00fagy mi is k\\u00fcl\\u00f6nlegesek vagyunk. Ez legink\\u00e1bb abb\\u00f3l fakad, hogy figyelmet szentel\\u00fcnk \\u00fcgyfeleinknek, \\u00e9s mindenkit a legnagyobb profizmussal kezel\\u00fcnk. Koll\\u00e9g\\u00e1ink egyt\\u0151l-egyig szakm\\u00e1juk kiemelked\\u0151 k\\u00e9pvisel\\u0151i, \\u00e9s ami a legfontosabb, szerelmesei is egyben. M\\u00e1shogy nem is lenne \\u00e9rdemes.<\\\/p>\",\"title\":\"Mi\\u00e9rt mi?\"}}]}]}]}],\"name\":\"FAQ\"}],\"version\":\"4.5.11\"} --><\/p>\n","protected":false},"excerpt":{"rendered":"<p>Kommunik\u00e1ci\u00f3, ahogy meg\u00e1lmodtad! \u00dcdv\u00f6zl\u00fcnk a YOUnique weboldal\u00e1n! A sikeres marketing nem csak el\u00e9r, egyedis\u00e9get is jelent. C\u00e9lunk, hogy szem\u00e9lyre szabott strat\u00e9gi\u00e1val \u00e9s kreat\u00edv megold\u00e1sokkal olyan m\u00e1rk\u00e1t \u00e9p\u00edts\u00fcnk, amivel nem csak \u00e9szrevesznek, meg is jegyeznek. Hannes Reeh, Andau \u2013 The Artline Collection Film Csak p\u00e1r l\u00e9p\u00e9ssel a hat\u00e1r t\u00faloldal\u00e1n, Andauban j\u00e1rtunk. A Hannes Reeh bor\u00e1szat bemutatta [&hellip;]<\/p>\n","protected":false},"author":1,"featured_media":0,"parent":0,"menu_order":0,"comment_status":"closed","ping_status":"closed","template":"","meta":{"_acf_changed":false,"footnotes":""},"class_list":["post-7","page","type-page","status-publish","hentry"],"acf":[],"lang":"hu","translations":{"hu":7,"de":443},"pll_sync_post":[],"_links":{"self":[{"href":"https:\/\/youniquecommunication.hu\/index.php?rest_route=\/wp\/v2\/pages\/7","targetHints":{"allow":["GET"]}}],"collection":[{"href":"https:\/\/youniquecommunication.hu\/index.php?rest_route=\/wp\/v2\/pages"}],"about":[{"href":"https:\/\/youniquecommunication.hu\/index.php?rest_route=\/wp\/v2\/types\/page"}],"author":[{"embeddable":true,"href":"https:\/\/youniquecommunication.hu\/index.php?rest_route=\/wp\/v2\/users\/1"}],"replies":[{"embeddable":true,"href":"https:\/\/youniquecommunication.hu\/index.php?rest_route=%2Fwp%2Fv2%2Fcomments&post=7"}],"version-history":[{"count":39,"href":"https:\/\/youniquecommunication.hu\/index.php?rest_route=\/wp\/v2\/pages\/7\/revisions"}],"predecessor-version":[{"id":580,"href":"https:\/\/youniquecommunication.hu\/index.php?rest_route=\/wp\/v2\/pages\/7\/revisions\/580"}],"wp:attachment":[{"href":"https:\/\/youniquecommunication.hu\/index.php?rest_route=%2Fwp%2Fv2%2Fmedia&parent=7"}],"curies":[{"name":"wp","href":"https:\/\/api.w.org\/{rel}","templated":true}]}}