{"id":432,"date":"2025-06-27T12:20:45","date_gmt":"2025-06-27T10:20:45","guid":{"rendered":"https:\/\/youniquecommunication.hu\/?page_id=432"},"modified":"2025-10-27T07:12:11","modified_gmt":"2025-10-27T06:12:11","slug":"kreatives-schreiben","status":"publish","type":"page","link":"https:\/\/youniquecommunication.hu\/?page_id=432&lang=de","title":{"rendered":"Kreatives Schreiben"},"content":{"rendered":"<h1>Kreatives Schreiben<\/h1>\n<h2>PR-Artikel, Brand stories, Interviews, Website-Texte <br \/>Tell me your story!<\/h2>\n<div>\n<p>Wir sind von einer F\u00fclle von Informationen umgeben und k\u00f6nnen uns in Sekundenschnelle einen Eindruck von Produkten, Dienstleistungen und Unternehmen verschaffen, von denen wir noch nie geh\u00f6rt haben.<\/p>\n<p>Die k\u00fcnstliche Intelligenz f\u00fcttert uns mit personalisierten, aber vorlagengesteuerten Inhalten. Wenn wir uns also <strong>von der Masse abheben wollen<\/strong>, m\u00fcssen wir unsere Interessengruppen auf die richtige Art und Weise \u00fcber uns <strong>informieren<\/strong>, denjenigen, die sich f\u00fcr uns interessieren, aktuelle Informationen bieten und dies so tun, dass es ihre <strong>Zeit auf unseren Plattformen zu einem Vergn\u00fcgen macht.<\/strong><\/p>\n<p>Das kreative Schreiben kann <strong>allgemeine Website-Texte, Blog-Artikel, Pressemitteilungen und Interviews<\/strong> umfassen.<\/p>\n<p>All dies wird ausschlie\u00dflich <strong>nach h\u00f6chsten stilistischen, grammatikalischen und orthographischen Qualit\u00e4tsstandards<\/strong> erstellt, <strong>auch in einer Fremdsprache<\/strong>.<\/p>\n<\/div>\n<div>\n<div style=\"height: 4px;\" class=\"uk-margin-top uk-background-primary\"><\/div>\n<\/div>\n<h2>Munk\u00e1ink<\/h2>\n<div>\n<\/div>\n<h2>Partner<\/h2>\n<ul>\n<li>\n<p>        <img decoding=\"async\" src=\"\/wp-content\/uploads\/2025\/06\/Audi-Logo_2016.svg\" alt=\"\"><\/p>\n<\/li>\n<li>\n<p>        <img decoding=\"async\" src=\"\/wp-content\/uploads\/2025\/06\/image001.png\" alt=\"\"><\/p>\n<\/li>\n<li>\n<p>        <img decoding=\"async\" src=\"\/wp-content\/uploads\/2025\/06\/kardirex-logo-1.webp\" alt=\"\"><\/p>\n<\/li>\n<li>\n<p>        <img decoding=\"async\" src=\"\/wp-content\/uploads\/2025\/06\/Buchl-Logo-hungaria_-01.svg\" alt=\"\"><\/p>\n<\/li>\n<li>\n<p>        <img decoding=\"async\" src=\"\/wp-content\/uploads\/2025\/06\/dein_tax_with_tagline-1.svg\" alt=\"\"><\/p>\n<\/li>\n<li>\n<p>        <img decoding=\"async\" src=\"\/wp-content\/uploads\/2025\/06\/ovarvafa_logo.png\" alt=\"\"><\/p>\n<\/li>\n<\/ul>\n<hr>\n<div>Interessant?<br \/>Vernetzen wir uns!<\/div>\n<p><p>\n        <a href=\"\/de\/kontakt\/\">Kontakt<\/a>\n    <\/p>\n<\/p>\n<p><!--more--><br \/>\n<!-- {\"type\":\"layout\",\"children\":[{\"type\":\"section\",\"props\":{\"image_position\":\"center-center\",\"padding\":\"large\",\"padding_remove_bottom\":true,\"padding_remove_top\":false,\"style\":\"default\",\"title_breakpoint\":\"xl\",\"title_position\":\"top-left\",\"title_rotation\":\"left\",\"vertical_align\":\"\",\"width\":\"large\"},\"children\":[{\"type\":\"row\",\"props\":{\"margin\":\"large\"},\"children\":[{\"type\":\"column\",\"props\":{\"image_position\":\"center-center\",\"position_sticky_breakpoint\":\"m\",\"width_medium\":\"1-1\"},\"children\":[{\"type\":\"breadcrumbs\",\"props\":{\"show_current\":true,\"show_home\":true}}]}]},{\"type\":\"row\",\"props\":{\"column_gap\":\"large\",\"margin\":\"xlarge\",\"margin_remove_top\":true},\"children\":[{\"type\":\"column\",\"props\":{\"image_position\":\"center-center\",\"position_sticky_breakpoint\":\"m\"},\"children\":[{\"type\":\"headline\",\"props\":{\"content\":\"Kreatives Schreiben\",\"margin\":\"medium\",\"title_element\":\"h1\"}},{\"type\":\"headline\",\"props\":{\"content\":\"PR-Artikel, Brand stories, Interviews, Website-Texte <br \\\/>Tell me your story!\",\"margin\":\"medium\",\"title_color\":\"background\",\"title_element\":\"h2\"}},{\"type\":\"text\",\"props\":{\"column_breakpoint\":\"m\",\"content\":\"\n\n<p>Wir sind von einer F\\u00fclle von Informationen umgeben und k\\u00f6nnen uns in Sekundenschnelle einen Eindruck von Produkten, Dienstleistungen und Unternehmen verschaffen, von denen wir noch nie geh\\u00f6rt haben.<\\\/p>\\n\n\n<p>Die k\\u00fcnstliche Intelligenz f\\u00fcttert uns mit personalisierten, aber vorlagengesteuerten Inhalten. Wenn wir uns also <strong>von der Masse abheben wollen<\\\/strong>, m\\u00fcssen wir unsere Interessengruppen auf die richtige Art und Weise \\u00fcber uns <strong>informieren<\\\/strong>, denjenigen, die sich f\\u00fcr uns interessieren, aktuelle Informationen bieten und dies so tun, dass es ihre <strong>Zeit auf unseren Plattformen zu einem Vergn\\u00fcgen macht.<\\\/strong><\\\/p>\\n\n\n<p>Das kreative Schreiben kann <strong>allgemeine Website-Texte, Blog-Artikel, Pressemitteilungen und Interviews<\\\/strong> umfassen.<\\\/p>\\n\n\n<p>All dies wird ausschlie\\u00dflich <strong>nach h\\u00f6chsten stilistischen, grammatikalischen und orthographischen Qualit\\u00e4tsstandards<\\\/strong> erstellt, <strong>auch in einer Fremdsprache<\\\/strong>.<\\\/p>\",\"margin\":\"large\",\"margin_remove_top\":true,\"text_style\":\"lead\"}}]}]},{\"type\":\"row\",\"props\":{\"layout\":\"1-4,3-4\"},\"children\":[{\"type\":\"column\",\"props\":{\"image_position\":\"center-center\",\"position_sticky_breakpoint\":\"m\",\"width_medium\":\"1-4\"}},{\"type\":\"column\",\"props\":{\"image_position\":\"center-center\",\"padding\":\"none\",\"position_sticky_breakpoint\":\"m\",\"width_medium\":\"3-4\"},\"children\":[{\"type\":\"html\",\"props\":{\"content\":\"\n\n<div style=\\\"height: 4px;\\\" class=\\\"uk-margin-top uk-background-primary\\\"><\\\/div>\"}}]}]}],\"name\":\"About\"},{\"type\":\"section\",\"props\":{\"height\":\"viewport\",\"height_viewport\":55,\"image\":\"wp-content\\\/uploads\\\/2025\\\/06\\\/szovegiras.png\",\"image_effect\":\"parallax\",\"image_loading\":true,\"image_parallax_bgy\":\"50,-50\",\"image_parallax_breakpoint\":\"m\",\"image_parallax_easing\":\"1\",\"image_position\":\"center-center\",\"image_size\":\"cover\",\"image_width\":\"2560\",\"padding\":\"xlarge\",\"style\":\"default\",\"title_breakpoint\":\"xl\",\"title_position\":\"top-left\",\"title_rotation\":\"left\",\"vertical_align\":\"middle\",\"width\":\"default\"},\"children\":[{\"type\":\"row\",\"children\":[{\"type\":\"column\",\"props\":{\"image_position\":\"center-center\",\"position_sticky_breakpoint\":\"m\",\"width_medium\":\"1-1\"}}]}],\"name\":\"Image\"},{\"type\":\"section\",\"props\":{\"image_position\":\"center-center\",\"padding\":\"large\",\"padding_remove_bottom\":true,\"style\":\"muted\",\"title_breakpoint\":\"xl\",\"title_position\":\"top-left\",\"title_rotation\":\"left\",\"vertical_align\":\"\",\"width\":\"large\"},\"children\":[{\"type\":\"row\",\"children\":[{\"type\":\"column\",\"props\":{\"image_position\":\"center-center\",\"position_sticky_breakpoint\":\"m\",\"width_medium\":\"1-1\"},\"children\":[{\"type\":\"headline\",\"props\":{\"content\":\"Munk\\u00e1ink\",\"title_element\":\"h2\",\"title_style\":\"h3\"}},{\"type\":\"grid\",\"props\":{\"content_column_breakpoint\":\"m\",\"content_margin\":\"medium\",\"filter_align\":\"left\",\"filter_all\":true,\"filter_grid_breakpoint\":\"m\",\"filter_grid_width\":\"auto\",\"filter_position\":\"top\",\"filter_style\":\"tab\",\"grid_default\":\"1\",\"grid_divider\":false,\"grid_masonry\":\"pack\",\"grid_medium\":\"3\",\"grid_row_gap\":\"medium\",\"grid_xlarge\":\"3\",\"icon_width\":80,\"image_align\":\"left\",\"image_grid_breakpoint\":\"m\",\"image_grid_width\":\"auto\",\"image_height\":\"570\",\"image_link\":true,\"image_svg_color\":\"emphasis\",\"image_width\":\"900\",\"item_animation\":true,\"lightbox_bg_close\":true,\"link_margin\":\"medium\",\"link_style\":\"primary\",\"link_target\":false,\"link_text\":\"Weiterlessen\",\"margin\":\"medium\",\"meta_align\":\"below-title\",\"meta_element\":\"div\",\"meta_margin\":\"small\",\"meta_style\":\"text-meta\",\"panel_image_no_padding\":true,\"panel_link\":false,\"panel_padding\":\"default\",\"panel_style\":\"card-default\",\"parallax_easing\":\"1\",\"show_content\":true,\"show_hover_image\":true,\"show_hover_video\":true,\"show_image\":true,\"show_link\":true,\"show_meta\":true,\"show_title\":true,\"show_video\":true,\"title_align\":\"top\",\"title_element\":\"h3\",\"title_grid_breakpoint\":\"m\",\"title_grid_width\":\"1-2\",\"title_hover_style\":\"reset\",\"title_link\":true,\"title_style\":\"h2\"},\"children\":[{\"type\":\"grid_item\",\"props\":{\"content\":\"\",\"item_element\":\"article\",\"meta\":\"\"},\"source\":{\"query\":{\"name\":\"projekts.customProjekts\",\"arguments\":{\"terms\":[7],\"category_operator\":\"IN\",\"users\":[],\"users_operator\":\"IN\",\"offset\":0,\"limit\":10,\"order\":\"date\",\"order_direction\":\"DESC\"}},\"props\":{\"title\":{\"name\":\"title\"},\"image\":{\"name\":\"featuredImage.url\"},\"link\":{\"name\":\"link\"}}}}]}]}]}],\"name\":\"Partnerek + munk\\u00e1ink\"},{\"type\":\"section\",\"props\":{\"image_position\":\"center-center\",\"padding\":\"large\",\"padding_remove_bottom\":true,\"style\":\"muted\",\"title_breakpoint\":\"xl\",\"title_position\":\"top-left\",\"title_rotation\":\"left\",\"vertical_align\":\"middle\",\"width\":\"default\"},\"children\":[{\"type\":\"row\",\"props\":{\"layout\":\"1-4,3-4\",\"margin\":\"xlarge\"},\"children\":[{\"type\":\"column\",\"props\":{\"image_position\":\"center-center\",\"position_sticky_breakpoint\":\"m\",\"width_medium\":\"1-4\"},\"children\":[{\"type\":\"headline\",\"props\":{\"content\":\"Partner\",\"text_align\":\"left\",\"text_align_breakpoint\":\"m\",\"text_align_fallback\":\"center\",\"title_element\":\"h2\",\"title_style\":\"h3\"}}]},{\"type\":\"column\",\"props\":{\"image_position\":\"center-center\",\"position_sticky_breakpoint\":\"m\",\"width_medium\":\"3-4\"},\"children\":[{\"type\":\"panel-slider\",\"props\":{\"content_column_breakpoint\":\"m\",\"icon_width\":80,\"image_align\":\"top\",\"image_grid_breakpoint\":\"m\",\"image_grid_width\":\"1-2\",\"image_svg_color\":\"emphasis\",\"image_width\":200,\"link_style\":\"default\",\"link_target\":true,\"link_text\":\"\",\"margin\":\"default\",\"meta_align\":\"below-title\",\"meta_element\":\"div\",\"meta_style\":\"text-meta\",\"nav\":\"dotnav\",\"nav_align\":\"center\",\"nav_breakpoint\":\"s\",\"panel_link\":false,\"panel_match\":true,\"parallax_easing\":\"1\",\"show_content\":true,\"show_hover_image\":true,\"show_hover_video\":true,\"show_image\":true,\"show_link\":true,\"show_meta\":true,\"show_title\":true,\"show_video\":true,\"slidenav\":\"outside\",\"slidenav_breakpoint\":\"xl\",\"slidenav_margin\":\"medium\",\"slidenav_outside_breakpoint\":\"xl\",\"slider_autoplay\":true,\"slider_autoplay_interval\":\"5\",\"slider_autoplay_pause\":true,\"slider_gap\":\"default\",\"slider_sets\":false,\"slider_width\":\"fixed\",\"slider_width_default\":\"1-1\",\"slider_width_medium\":\"1-3\",\"text_align\":\"left\",\"text_align_breakpoint\":\"m\",\"text_align_fallback\":\"center\",\"title_align\":\"top\",\"title_element\":\"div\",\"title_grid_breakpoint\":\"m\",\"title_grid_width\":\"1-2\",\"title_hover_style\":\"heading\",\"title_link\":true,\"title_style\":\"h5\"},\"children\":[{\"type\":\"panel-slider_item\",\"props\":{\"image\":\"wp-content\\\/uploads\\\/2025\\\/06\\\/Audi-Logo_2016.svg\",\"title\":\"\"}},{\"type\":\"panel-slider_item\",\"props\":{\"image\":\"wp-content\\\/uploads\\\/2025\\\/06\\\/image001.png\",\"title\":\"\"}},{\"type\":\"panel-slider_item\",\"props\":{\"image\":\"wp-content\\\/uploads\\\/2025\\\/06\\\/kardirex-logo-1.webp\",\"title\":\"\"}},{\"type\":\"panel-slider_item\",\"props\":{\"image\":\"wp-content\\\/uploads\\\/2025\\\/06\\\/Buchl-Logo-hungaria_-01.svg\",\"title\":\"\"}},{\"type\":\"panel-slider_item\",\"props\":{\"image\":\"wp-content\\\/uploads\\\/2025\\\/06\\\/dein_tax_with_tagline-1.svg\",\"title\":\"\"}},{\"type\":\"panel-slider_item\",\"props\":{\"image\":\"wp-content\\\/uploads\\\/2025\\\/06\\\/ovarvafa_logo.png\",\"title\":\"\"}}]}]}]},{\"type\":\"row\",\"props\":{\"margin_remove_top\":true},\"children\":[{\"type\":\"column\",\"props\":{\"image_position\":\"center-center\",\"position_sticky_breakpoint\":\"m\",\"width_medium\":\"1-1\"},\"children\":[{\"type\":\"divider\",\"props\":{\"divider_element\":\"hr\"}}]}]}],\"name\":\"Partnerek log\\u00f3k DE\"},{\"type\":\"section\",\"props\":{\"image_position\":\"center-center\",\"padding\":\"large\",\"style\":\"muted\",\"title_breakpoint\":\"xl\",\"title_position\":\"top-left\",\"title_rotation\":\"left\",\"vertical_align\":\"\",\"width\":\"large\"},\"children\":[{\"type\":\"row\",\"children\":[{\"type\":\"column\",\"props\":{\"image_position\":\"center-center\",\"position_sticky_breakpoint\":\"m\",\"style\":\"tile-default\",\"width_medium\":\"1-1\"},\"children\":[{\"type\":\"headline\",\"props\":{\"content\":\"Interessant?<br \\\/>Vernetzen wir uns!\",\"text_align\":\"center\",\"title_element\":\"div\",\"title_style\":\"h1\"}},{\"type\":\"button\",\"props\":{\"grid_column_gap\":\"small\",\"grid_row_gap\":\"small\",\"margin\":\"default\",\"text_align\":\"center\"},\"children\":[{\"type\":\"button_item\",\"props\":{\"button_style\":\"primary\",\"content\":\"Kontakt\",\"dialog_layout\":\"modal\",\"dialog_offcanvas_flip\":true,\"icon_align\":\"left\",\"link\":\"de\\\/kontakt\\\/\"}}]}]}]}],\"name\":\"Call to Action\"}],\"version\":\"4.5.11\"} --><\/p>\n","protected":false},"excerpt":{"rendered":"<p>Kreatives Schreiben PR-Artikel, Brand stories, Interviews, Website-Texte Tell me your story! Wir sind von einer F\u00fclle von Informationen umgeben und k\u00f6nnen uns in Sekundenschnelle einen Eindruck von Produkten, Dienstleistungen und Unternehmen verschaffen, von denen wir noch nie geh\u00f6rt haben. Die k\u00fcnstliche Intelligenz f\u00fcttert uns mit personalisierten, aber vorlagengesteuerten Inhalten. Wenn wir uns also von der [&hellip;]<\/p>\n","protected":false},"author":1,"featured_media":0,"parent":0,"menu_order":0,"comment_status":"closed","ping_status":"closed","template":"","meta":{"_acf_changed":false,"footnotes":""},"class_list":["post-432","page","type-page","status-publish","hentry"],"acf":[],"lang":"de","translations":{"de":432,"hu":73},"pll_sync_post":[],"_links":{"self":[{"href":"https:\/\/youniquecommunication.hu\/index.php?rest_route=\/wp\/v2\/pages\/432","targetHints":{"allow":["GET"]}}],"collection":[{"href":"https:\/\/youniquecommunication.hu\/index.php?rest_route=\/wp\/v2\/pages"}],"about":[{"href":"https:\/\/youniquecommunication.hu\/index.php?rest_route=\/wp\/v2\/types\/page"}],"author":[{"embeddable":true,"href":"https:\/\/youniquecommunication.hu\/index.php?rest_route=\/wp\/v2\/users\/1"}],"replies":[{"embeddable":true,"href":"https:\/\/youniquecommunication.hu\/index.php?rest_route=%2Fwp%2Fv2%2Fcomments&post=432"}],"version-history":[{"count":6,"href":"https:\/\/youniquecommunication.hu\/index.php?rest_route=\/wp\/v2\/pages\/432\/revisions"}],"predecessor-version":[{"id":599,"href":"https:\/\/youniquecommunication.hu\/index.php?rest_route=\/wp\/v2\/pages\/432\/revisions\/599"}],"wp:attachment":[{"href":"https:\/\/youniquecommunication.hu\/index.php?rest_route=%2Fwp%2Fv2%2Fmedia&parent=432"}],"curies":[{"name":"wp","href":"https:\/\/api.w.org\/{rel}","templated":true}]}}