{"id":427,"date":"2025-06-27T12:15:53","date_gmt":"2025-06-27T10:15:53","guid":{"rendered":"https:\/\/youniquecommunication.hu\/?page_id=427"},"modified":"2025-10-27T07:11:04","modified_gmt":"2025-10-27T06:11:04","slug":"soziale-medien","status":"publish","type":"page","link":"https:\/\/youniquecommunication.hu\/?page_id=427&lang=de","title":{"rendered":"Soziale Medien"},"content":{"rendered":"<h1>Soziale Medien<\/h1>\n<h2>\n<p class=\"p1\">Kreatives Management von Facebook, Instagram, LinkedIn und professionelles Anzeigenmanagement<\/p>\n<\/h2>\n<div>\n<p class=\"p1\">Wir leben im Zeitalter der sozialen Medien, die das Konzept der Pr\u00e4senz auf eine neue Ebene gehoben haben. Mit sehr geringen (oder gar keinen) Investitionen k\u00f6nnen wir unsere Zielgruppen erreichen, relevante Botschaften \u00fcbermitteln und, was ebenso wichtig ist, einen Ruf aufbauen, indem wir hochwertige Inhalte teilen.<\/p>\n<p class=\"p1\">Die Pr\u00e4senz in den sozialen Medien ist daher zu einem unverzichtbaren Bestandteil unserer beruflichen Kommunikation geworden. Die Verwaltung von Facebook, Instagram, und LinkedIn und die Erstellung der richtigen Inhalte ist f\u00fcr die meisten Unternehmen eine Herausforderung, so dass es eine logische und kosteneffiziente Entscheidung ist, diese T\u00e4tigkeit an Profis auszulagern.<\/p>\n<p class=\"p1\">Das Schreiben von Beitr\u00e4gen erfordert kreatives Denken, gute redaktionelle F\u00e4higkeiten, perfekte Rechtschreibung und ein gut durchdachtes Konzept f\u00fcr das Timing. Wir tragen auch zu einer besseren Sichtbarkeit und einem organischen Wachstum bei, indem wir die Anzeigen von einem Profi verwalten lassen.<\/p>\n<\/div>\n<div>\n<div style=\"height: 4px;\" class=\"uk-margin-top uk-background-primary\"><\/div>\n<\/div>\n<h2>Unsere Projekte<\/h2>\n<div>\n<\/div>\n<h2>Unsere Partner<\/h2>\n<ul>\n<li>\n<p>        <img decoding=\"async\" src=\"\/wp-content\/uploads\/2025\/06\/Audi-Logo_2016.svg\" alt=\"\"><\/p>\n<\/li>\n<li>\n<p>        <img decoding=\"async\" src=\"\/wp-content\/uploads\/2025\/06\/image001.png\" alt=\"\"><\/p>\n<\/li>\n<li>\n<p>        <img decoding=\"async\" src=\"\/wp-content\/uploads\/2025\/06\/kardirex-logo-1.webp\" alt=\"\"><\/p>\n<\/li>\n<li>\n<p>        <img decoding=\"async\" src=\"\/wp-content\/uploads\/2025\/06\/Buchl-Logo-hungaria_-01.svg\" alt=\"\"><\/p>\n<\/li>\n<li>\n<p>        <img decoding=\"async\" src=\"\/wp-content\/uploads\/2025\/06\/dein_tax_with_tagline-1.svg\" alt=\"\"><\/p>\n<\/li>\n<li>\n<p>        <img decoding=\"async\" src=\"\/wp-content\/uploads\/2025\/06\/ovarvafa_logo.png\" alt=\"\"><\/p>\n<\/li>\n<\/ul>\n<hr>\n<div>Interessant?<\/p>\n<div>Vernetzen wir uns!\u00a0<\/div>\n<\/div>\n<p><p>\n        <a href=\"\/de\/kontakt\/\">Kontakt<\/a>\n    <\/p>\n<\/p>\n<p><!--more--><br \/>\n<!-- {\"type\":\"layout\",\"children\":[{\"type\":\"section\",\"props\":{\"image_position\":\"center-center\",\"padding\":\"large\",\"padding_remove_bottom\":true,\"padding_remove_top\":false,\"style\":\"default\",\"title_breakpoint\":\"xl\",\"title_position\":\"top-left\",\"title_rotation\":\"left\",\"vertical_align\":\"\",\"width\":\"large\"},\"children\":[{\"type\":\"row\",\"props\":{\"margin\":\"large\"},\"children\":[{\"type\":\"column\",\"props\":{\"image_position\":\"center-center\",\"position_sticky_breakpoint\":\"m\",\"width_medium\":\"1-1\"},\"children\":[{\"type\":\"breadcrumbs\",\"props\":{\"show_current\":true,\"show_home\":true}}]}]},{\"type\":\"row\",\"props\":{\"column_gap\":\"large\",\"margin\":\"xlarge\",\"margin_remove_top\":true},\"children\":[{\"type\":\"column\",\"props\":{\"image_position\":\"center-center\",\"position_sticky_breakpoint\":\"m\"},\"children\":[{\"type\":\"headline\",\"props\":{\"content\":\"Soziale Medien\",\"margin\":\"medium\",\"title_element\":\"h1\"}},{\"type\":\"headline\",\"props\":{\"content\":\"\n\n<p class=\\\"p1\\\">Kreatives Management von Facebook, Instagram, LinkedIn und professionelles Anzeigenmanagement<\\\/p>\",\"margin\":\"medium\",\"title_color\":\"background\",\"title_element\":\"h2\"}},{\"type\":\"text\",\"props\":{\"column_breakpoint\":\"m\",\"content\":\"\n\n<p class=\\\"p1\\\">Wir leben im Zeitalter der sozialen Medien, die das Konzept der Pr\\u00e4senz auf eine neue Ebene gehoben haben. Mit sehr geringen (oder gar keinen) Investitionen k\\u00f6nnen wir unsere Zielgruppen erreichen, relevante Botschaften \\u00fcbermitteln und, was ebenso wichtig ist, einen Ruf aufbauen, indem wir hochwertige Inhalte teilen.<\\\/p>\\n\n\n<p class=\\\"p1\\\">Die Pr\\u00e4senz in den sozialen Medien ist daher zu einem unverzichtbaren Bestandteil unserer beruflichen Kommunikation geworden. Die Verwaltung von Facebook, Instagram, und LinkedIn und die Erstellung der richtigen Inhalte ist f\\u00fcr die meisten Unternehmen eine Herausforderung, so dass es eine logische und kosteneffiziente Entscheidung ist, diese T\\u00e4tigkeit an Profis auszulagern.<\\\/p>\\n\n\n<p class=\\\"p1\\\">Das Schreiben von Beitr\\u00e4gen erfordert kreatives Denken, gute redaktionelle F\\u00e4higkeiten, perfekte Rechtschreibung und ein gut durchdachtes Konzept f\\u00fcr das Timing. Wir tragen auch zu einer besseren Sichtbarkeit und einem organischen Wachstum bei, indem wir die Anzeigen von einem Profi verwalten lassen.<\\\/p>\",\"margin\":\"large\",\"margin_remove_top\":true,\"text_style\":\"lead\"}}]}]},{\"type\":\"row\",\"props\":{\"layout\":\"1-4,3-4\"},\"children\":[{\"type\":\"column\",\"props\":{\"image_position\":\"center-center\",\"position_sticky_breakpoint\":\"m\",\"width_medium\":\"1-4\"}},{\"type\":\"column\",\"props\":{\"image_position\":\"center-center\",\"padding\":\"none\",\"position_sticky_breakpoint\":\"m\",\"width_medium\":\"3-4\"},\"children\":[{\"type\":\"html\",\"props\":{\"content\":\"\n\n<div style=\\\"height: 4px;\\\" class=\\\"uk-margin-top uk-background-primary\\\"><\\\/div>\"}}]}]}],\"name\":\"About\"},{\"type\":\"section\",\"props\":{\"height\":\"viewport\",\"height_viewport\":55,\"image\":\"wp-content\\\/uploads\\\/2025\\\/06\\\/lolicafe-80-scaled.jpg\",\"image_effect\":\"parallax\",\"image_loading\":true,\"image_parallax_bgy\":\"50,-50\",\"image_parallax_breakpoint\":\"m\",\"image_parallax_easing\":\"1\",\"image_position\":\"center-center\",\"image_size\":\"cover\",\"image_width\":\"2560\",\"padding\":\"xlarge\",\"style\":\"default\",\"title_breakpoint\":\"xl\",\"title_position\":\"top-left\",\"title_rotation\":\"left\",\"vertical_align\":\"middle\",\"width\":\"default\"},\"children\":[{\"type\":\"row\",\"children\":[{\"type\":\"column\",\"props\":{\"image_position\":\"center-center\",\"position_sticky_breakpoint\":\"m\",\"width_medium\":\"1-1\"}}]}],\"name\":\"Image\"},{\"type\":\"section\",\"props\":{\"image_position\":\"center-center\",\"padding\":\"large\",\"padding_remove_bottom\":true,\"style\":\"muted\",\"title_breakpoint\":\"xl\",\"title_position\":\"top-left\",\"title_rotation\":\"left\",\"vertical_align\":\"\",\"width\":\"large\"},\"children\":[{\"type\":\"row\",\"children\":[{\"type\":\"column\",\"props\":{\"image_position\":\"center-center\",\"position_sticky_breakpoint\":\"m\",\"width_medium\":\"1-1\"},\"children\":[{\"type\":\"headline\",\"props\":{\"content\":\"Unsere Projekte\",\"title_element\":\"h2\",\"title_style\":\"h3\"}},{\"type\":\"grid\",\"props\":{\"content_column_breakpoint\":\"m\",\"content_margin\":\"medium\",\"filter_align\":\"left\",\"filter_all\":true,\"filter_grid_breakpoint\":\"m\",\"filter_grid_width\":\"auto\",\"filter_position\":\"top\",\"filter_style\":\"tab\",\"grid_default\":\"1\",\"grid_divider\":false,\"grid_masonry\":\"pack\",\"grid_medium\":\"3\",\"grid_row_gap\":\"medium\",\"grid_xlarge\":\"3\",\"icon_width\":80,\"image_align\":\"left\",\"image_grid_breakpoint\":\"m\",\"image_grid_width\":\"auto\",\"image_height\":\"570\",\"image_link\":true,\"image_svg_color\":\"emphasis\",\"image_width\":\"900\",\"item_animation\":true,\"lightbox_bg_close\":true,\"link_margin\":\"medium\",\"link_style\":\"primary\",\"link_target\":false,\"link_text\":\"Megtekint\\u00e9s\",\"margin\":\"medium\",\"meta_align\":\"below-title\",\"meta_element\":\"div\",\"meta_margin\":\"small\",\"meta_style\":\"text-meta\",\"panel_image_no_padding\":true,\"panel_link\":false,\"panel_padding\":\"default\",\"panel_style\":\"card-default\",\"parallax_easing\":\"1\",\"show_content\":true,\"show_hover_image\":true,\"show_hover_video\":true,\"show_image\":true,\"show_link\":true,\"show_meta\":true,\"show_title\":true,\"show_video\":true,\"title_align\":\"top\",\"title_element\":\"h3\",\"title_grid_breakpoint\":\"m\",\"title_grid_width\":\"1-2\",\"title_hover_style\":\"reset\",\"title_link\":true,\"title_style\":\"h2\"},\"children\":[{\"type\":\"grid_item\",\"props\":{\"content\":\"\",\"item_element\":\"article\",\"meta\":\"\"},\"source\":{\"query\":{\"name\":\"projekts.customProjekts\",\"arguments\":{\"terms\":[8],\"category_operator\":\"IN\",\"users\":[],\"users_operator\":\"IN\",\"offset\":0,\"limit\":10,\"order\":\"date\",\"order_direction\":\"DESC\"}},\"props\":{\"title\":{\"name\":\"title\"},\"image\":{\"name\":\"featuredImage.url\"},\"link\":{\"name\":\"link\"}}}}]}]}]}],\"name\":\"Partnerek + munk\\u00e1ink\"},{\"type\":\"section\",\"props\":{\"image_position\":\"center-center\",\"padding\":\"large\",\"padding_remove_bottom\":true,\"style\":\"muted\",\"title_breakpoint\":\"xl\",\"title_position\":\"top-left\",\"title_rotation\":\"left\",\"vertical_align\":\"middle\",\"width\":\"default\"},\"children\":[{\"type\":\"row\",\"props\":{\"layout\":\"1-4,3-4\",\"margin\":\"xlarge\"},\"children\":[{\"type\":\"column\",\"props\":{\"image_position\":\"center-center\",\"position_sticky_breakpoint\":\"m\",\"width_medium\":\"1-4\"},\"children\":[{\"type\":\"headline\",\"props\":{\"content\":\"Unsere Partner\",\"text_align\":\"left\",\"text_align_breakpoint\":\"m\",\"text_align_fallback\":\"center\",\"title_element\":\"h2\",\"title_style\":\"h3\"}}]},{\"type\":\"column\",\"props\":{\"image_position\":\"center-center\",\"position_sticky_breakpoint\":\"m\",\"width_medium\":\"3-4\"},\"children\":[{\"type\":\"panel-slider\",\"props\":{\"content_column_breakpoint\":\"m\",\"icon_width\":80,\"image_align\":\"top\",\"image_grid_breakpoint\":\"m\",\"image_grid_width\":\"1-2\",\"image_svg_color\":\"emphasis\",\"image_width\":200,\"link_style\":\"default\",\"link_target\":true,\"link_text\":\"\",\"margin\":\"default\",\"meta_align\":\"below-title\",\"meta_element\":\"div\",\"meta_style\":\"text-meta\",\"nav\":\"dotnav\",\"nav_align\":\"center\",\"nav_breakpoint\":\"s\",\"panel_link\":false,\"panel_match\":true,\"parallax_easing\":\"1\",\"show_content\":true,\"show_hover_image\":true,\"show_hover_video\":true,\"show_image\":true,\"show_link\":true,\"show_meta\":true,\"show_title\":true,\"show_video\":true,\"slidenav\":\"outside\",\"slidenav_breakpoint\":\"xl\",\"slidenav_margin\":\"medium\",\"slidenav_outside_breakpoint\":\"xl\",\"slider_autoplay\":true,\"slider_autoplay_interval\":\"5\",\"slider_autoplay_pause\":true,\"slider_gap\":\"default\",\"slider_sets\":false,\"slider_width\":\"fixed\",\"slider_width_default\":\"1-1\",\"slider_width_medium\":\"1-3\",\"text_align\":\"left\",\"text_align_breakpoint\":\"m\",\"text_align_fallback\":\"center\",\"title_align\":\"top\",\"title_element\":\"div\",\"title_grid_breakpoint\":\"m\",\"title_grid_width\":\"1-2\",\"title_hover_style\":\"heading\",\"title_link\":true,\"title_style\":\"h5\"},\"children\":[{\"type\":\"panel-slider_item\",\"props\":{\"image\":\"wp-content\\\/uploads\\\/2025\\\/06\\\/Audi-Logo_2016.svg\",\"title\":\"\"}},{\"type\":\"panel-slider_item\",\"props\":{\"image\":\"wp-content\\\/uploads\\\/2025\\\/06\\\/image001.png\",\"title\":\"\"}},{\"type\":\"panel-slider_item\",\"props\":{\"image\":\"wp-content\\\/uploads\\\/2025\\\/06\\\/kardirex-logo-1.webp\",\"title\":\"\"}},{\"type\":\"panel-slider_item\",\"props\":{\"image\":\"wp-content\\\/uploads\\\/2025\\\/06\\\/Buchl-Logo-hungaria_-01.svg\",\"title\":\"\"}},{\"type\":\"panel-slider_item\",\"props\":{\"image\":\"wp-content\\\/uploads\\\/2025\\\/06\\\/dein_tax_with_tagline-1.svg\",\"title\":\"\"}},{\"type\":\"panel-slider_item\",\"props\":{\"image\":\"wp-content\\\/uploads\\\/2025\\\/06\\\/ovarvafa_logo.png\",\"title\":\"\"}}]}]}]},{\"type\":\"row\",\"props\":{\"margin_remove_top\":true},\"children\":[{\"type\":\"column\",\"props\":{\"image_position\":\"center-center\",\"position_sticky_breakpoint\":\"m\",\"width_medium\":\"1-1\"},\"children\":[{\"type\":\"divider\",\"props\":{\"divider_element\":\"hr\"}}]}]}],\"name\":\"Partnerek log\\u00f3k DE\"},{\"type\":\"section\",\"props\":{\"image_position\":\"center-center\",\"padding\":\"large\",\"style\":\"muted\",\"title_breakpoint\":\"xl\",\"title_position\":\"top-left\",\"title_rotation\":\"left\",\"vertical_align\":\"\",\"width\":\"large\"},\"children\":[{\"type\":\"row\",\"children\":[{\"type\":\"column\",\"props\":{\"image_position\":\"center-center\",\"position_sticky_breakpoint\":\"m\",\"style\":\"tile-default\",\"width_medium\":\"1-1\"},\"children\":[{\"type\":\"headline\",\"props\":{\"content\":\"Interessant?\\n\n\n<div>Vernetzen wir uns!\\u00a0<\\\/div>\",\"text_align\":\"center\",\"title_element\":\"div\",\"title_style\":\"h1\"}},{\"type\":\"button\",\"props\":{\"grid_column_gap\":\"small\",\"grid_row_gap\":\"small\",\"margin\":\"default\",\"text_align\":\"center\"},\"children\":[{\"type\":\"button_item\",\"props\":{\"button_style\":\"primary\",\"content\":\"Kontakt\",\"dialog_layout\":\"modal\",\"dialog_offcanvas_flip\":true,\"icon_align\":\"left\",\"link\":\"de\\\/kontakt\\\/\"}}]}]}]}],\"name\":\"Call to Action\"}],\"version\":\"4.5.11\"} --><\/p>\n","protected":false},"excerpt":{"rendered":"<p>Soziale Medien Kreatives Management von Facebook, Instagram, LinkedIn und professionelles Anzeigenmanagement Wir leben im Zeitalter der sozialen Medien, die das Konzept der Pr\u00e4senz auf eine neue Ebene gehoben haben. Mit sehr geringen (oder gar keinen) Investitionen k\u00f6nnen wir unsere Zielgruppen erreichen, relevante Botschaften \u00fcbermitteln und, was ebenso wichtig ist, einen Ruf aufbauen, indem wir hochwertige [&hellip;]<\/p>\n","protected":false},"author":1,"featured_media":0,"parent":0,"menu_order":0,"comment_status":"closed","ping_status":"closed","template":"","meta":{"_acf_changed":false,"footnotes":""},"class_list":["post-427","page","type-page","status-publish","hentry"],"acf":[],"lang":"de","translations":{"de":427,"hu":115},"pll_sync_post":[],"_links":{"self":[{"href":"https:\/\/youniquecommunication.hu\/index.php?rest_route=\/wp\/v2\/pages\/427","targetHints":{"allow":["GET"]}}],"collection":[{"href":"https:\/\/youniquecommunication.hu\/index.php?rest_route=\/wp\/v2\/pages"}],"about":[{"href":"https:\/\/youniquecommunication.hu\/index.php?rest_route=\/wp\/v2\/types\/page"}],"author":[{"embeddable":true,"href":"https:\/\/youniquecommunication.hu\/index.php?rest_route=\/wp\/v2\/users\/1"}],"replies":[{"embeddable":true,"href":"https:\/\/youniquecommunication.hu\/index.php?rest_route=%2Fwp%2Fv2%2Fcomments&post=427"}],"version-history":[{"count":3,"href":"https:\/\/youniquecommunication.hu\/index.php?rest_route=\/wp\/v2\/pages\/427\/revisions"}],"predecessor-version":[{"id":596,"href":"https:\/\/youniquecommunication.hu\/index.php?rest_route=\/wp\/v2\/pages\/427\/revisions\/596"}],"wp:attachment":[{"href":"https:\/\/youniquecommunication.hu\/index.php?rest_route=%2Fwp%2Fv2%2Fmedia&parent=427"}],"curies":[{"name":"wp","href":"https:\/\/api.w.org\/{rel}","templated":true}]}}