{"id":206,"date":"2025-06-12T08:22:57","date_gmt":"2025-06-12T06:22:57","guid":{"rendered":"https:\/\/younique.previsionlab.hu\/?page_id=206"},"modified":"2025-06-19T07:13:59","modified_gmt":"2025-06-19T05:13:59","slug":"kapcsolat","status":"publish","type":"page","link":"https:\/\/youniquecommunication.hu\/?page_id=206","title":{"rendered":"Kapcsolat"},"content":{"rendered":"<p><img decoding=\"async\" src=\"\/wp-content\/uploads\/2025\/03\/younique.png\" alt=\"\"><\/p>\n<h1>V\u00e1rjuk a k\u00f6z\u00f6s munk\u00e1t!<\/h1>\n<div>\n<p>Hogyan kezdj\u00fcnk neki egy k\u00f6z\u00f6s projektnek?<\/p>\n<p>Az els\u0151 \u00e9s legfontosabb, hogy megismerkedj\u00fcnk. Hiszen a kommunik\u00e1ci\u00f3 bizalmi k\u00e9rd\u00e9s is.<\/p>\n<\/div>\n<p><p>\n        <a href=\"mailto:hello@youniquecommunication.hu\">\u00cdrj nek\u00fcnk!<\/a>\n    <\/p>\n<\/p>\n<h2>YOUnique Communication Kft.<\/h2>\n<div>\n<p><a class=\"uk-link-reset\" href=\"mailto:hello@youniquecommunication.hu\">hello@youniquecommunication.hu<\/a><\/p>\n<\/div>\n<p><!--more--><br \/>\n<!-- {\"type\":\"layout\",\"children\":[{\"name\":\"Contact\",\"type\":\"section\",\"props\":{\"animation\":\"fade\",\"image_position\":\"center-center\",\"image_size\":\"cover\",\"padding_remove_bottom\":false,\"style\":\"default\",\"title_breakpoint\":\"xl\",\"title_position\":\"top-left\",\"title_rotation\":\"left\",\"vertical_align\":\"\",\"width\":\"default\"},\"children\":[{\"type\":\"row\",\"children\":[{\"type\":\"column\",\"props\":{\"image_position\":\"center-center\",\"position_sticky_breakpoint\":\"m\"},\"children\":[{\"type\":\"image\",\"props\":{\"image\":\"wp-content\\\/uploads\\\/2025\\\/03\\\/younique.png\",\"image_svg_color\":\"emphasis\",\"margin\":\"default\",\"text_align\":\"center\"}}]}]},{\"type\":\"row\",\"props\":{\"layout\":\"1-2,1-2\"},\"children\":[{\"type\":\"column\",\"props\":{\"image_position\":\"center-center\",\"position_sticky_breakpoint\":\"m\",\"width_medium\":\"1-2\"},\"children\":[{\"type\":\"headline\",\"props\":{\"content\":\"V\\u00e1rjuk a k\\u00f6z\\u00f6s munk\\u00e1t!\",\"text_align\":\"left\",\"title_element\":\"h1\",\"title_style\":\"h2\"}},{\"type\":\"divider\",\"props\":{\"divider_element\":\"div\",\"divider_style\":\"small\"}},{\"type\":\"text\",\"props\":{\"column_breakpoint\":\"m\",\"content\":\"\n\n<p>Hogyan kezdj\\u00fcnk neki egy k\\u00f6z\\u00f6s projektnek?<\\\/p>\\n\n\n<p>Az els\\u0151 \\u00e9s legfontosabb, hogy megismerkedj\\u00fcnk. Hiszen a kommunik\\u00e1ci\\u00f3 bizalmi k\\u00e9rd\\u00e9s is.<\\\/p>\",\"margin\":\"default\",\"text_align\":\"left\"}},{\"type\":\"button\",\"props\":{\"button_size\":\"large\",\"fullwidth\":true,\"grid_column_gap\":\"small\",\"grid_row_gap\":\"small\",\"margin\":\"default\"},\"children\":[{\"type\":\"button_item\",\"props\":{\"button_style\":\"primary\",\"content\":\"\\u00cdrj nek\\u00fcnk!\",\"dialog_layout\":\"modal\",\"dialog_offcanvas_flip\":true,\"icon_align\":\"left\",\"link\":\"mailto:hello@youniquecommunication.hu\"}}]}]},{\"type\":\"column\",\"props\":{\"image_position\":\"center-center\",\"position_sticky_breakpoint\":\"m\",\"width_medium\":\"1-2\"},\"children\":[{\"type\":\"headline\",\"props\":{\"content\":\"YOUnique Communication Kft.\",\"margin\":\"medium\",\"margin_remove_bottom\":true,\"title_element\":\"h2\",\"title_style\":\"h2\"}},{\"type\":\"divider\",\"props\":{\"divider_element\":\"div\",\"divider_style\":\"small\"}},{\"type\":\"text\",\"props\":{\"column_breakpoint\":\"m\",\"content\":\"\",\"margin\":\"default\",\"text_align\":\"left\"}},{\"type\":\"text\",\"props\":{\"column_breakpoint\":\"m\",\"content\":\"\n\n<p><a class=\\\"uk-link-reset\\\" href=\\\"mailto:hello@youniquecommunication.hu\\\">hello@youniquecommunication.hu<\\\/a><\\\/p>\",\"margin\":\"default\"}}]}]}]}],\"version\":\"4.5.11\"} --><\/p>\n","protected":false},"excerpt":{"rendered":"<p>V\u00e1rjuk a k\u00f6z\u00f6s munk\u00e1t! Hogyan kezdj\u00fcnk neki egy k\u00f6z\u00f6s projektnek? Az els\u0151 \u00e9s legfontosabb, hogy megismerkedj\u00fcnk. Hiszen a kommunik\u00e1ci\u00f3 bizalmi k\u00e9rd\u00e9s is. \u00cdrj nek\u00fcnk! YOUnique Communication Kft. hello@youniquecommunication.hu<\/p>\n","protected":false},"author":1,"featured_media":0,"parent":0,"menu_order":0,"comment_status":"closed","ping_status":"closed","template":"","meta":{"_acf_changed":false,"footnotes":""},"class_list":["post-206","page","type-page","status-publish","hentry"],"acf":[],"lang":"hu","translations":{"hu":206,"de":424},"pll_sync_post":[],"_links":{"self":[{"href":"https:\/\/youniquecommunication.hu\/index.php?rest_route=\/wp\/v2\/pages\/206","targetHints":{"allow":["GET"]}}],"collection":[{"href":"https:\/\/youniquecommunication.hu\/index.php?rest_route=\/wp\/v2\/pages"}],"about":[{"href":"https:\/\/youniquecommunication.hu\/index.php?rest_route=\/wp\/v2\/types\/page"}],"author":[{"embeddable":true,"href":"https:\/\/youniquecommunication.hu\/index.php?rest_route=\/wp\/v2\/users\/1"}],"replies":[{"embeddable":true,"href":"https:\/\/youniquecommunication.hu\/index.php?rest_route=%2Fwp%2Fv2%2Fcomments&post=206"}],"version-history":[{"count":11,"href":"https:\/\/youniquecommunication.hu\/index.php?rest_route=\/wp\/v2\/pages\/206\/revisions"}],"predecessor-version":[{"id":370,"href":"https:\/\/youniquecommunication.hu\/index.php?rest_route=\/wp\/v2\/pages\/206\/revisions\/370"}],"wp:attachment":[{"href":"https:\/\/youniquecommunication.hu\/index.php?rest_route=%2Fwp%2Fv2%2Fmedia&parent=206"}],"curies":[{"name":"wp","href":"https:\/\/api.w.org\/{rel}","templated":true}]}}