{"id":109,"date":"2025-06-10T07:33:21","date_gmt":"2025-06-10T05:33:21","guid":{"rendered":"https:\/\/younique.previsionlab.hu\/?page_id=109"},"modified":"2025-10-27T07:04:09","modified_gmt":"2025-10-27T06:04:09","slug":"film-2","status":"publish","type":"page","link":"https:\/\/youniquecommunication.hu\/?page_id=109","title":{"rendered":"Film"},"content":{"rendered":"<h1>Film<\/h1>\n<h2>\n<div>Im\u00e1zsfilm, rekl\u00e1mfilm, interj\u00fafilm, kreat\u00edv szpotok magyar, n\u00e9met, angol nyelven<\/div>\n<\/h2>\n<div>\n<p class=\"p1\">Legyen sz\u00f3 referenciafilmr\u0151l, ahol pl. egy term\u00e9k gy\u00e1rt\u00e1sa vagy egy szolg\u00e1ltat\u00e1s tartalm\u00e1nak bemutat\u00e1sa t\u00f6rt\u00e9nhet meg forgatott \u00e9s\/vagy anim\u00e1lt form\u00e1ban vagy \u00e9pp szervezeti arculati filmr\u0151l (Corporate Identity film), ahol egy szervezet vizu\u00e1lis jellegzetess\u00e9geit, \u00e9rt\u00e9keit mutatjuk be, a film, mint marketingkommunik\u00e1ci\u00f3s eszk\u00f6z <strong>kiv\u00e1l\u00f3 lehet\u0151s\u00e9g a h\u00edrn\u00e9v\u00e9p\u00edt\u00e9sben.<\/strong><\/p>\n<p>A t\u00f6k\u00e9letes film receptje a k\u00f6vetkez\u0151:<\/p>\n<ul>\n<li>kivitelezhet\u0151, kreat\u00edv koncepci\u00f3<\/li>\n<li>megfelel\u0151en \u00f6ssze\u00e1ll\u00edtott timing, helysz\u00edni szervez\u00e9s \u00e9s koordin\u00e1ci\u00f3<\/li>\n<li>professzion\u00e1lis operat\u0151r \u00e9s forgat\u00e1svezet\u0151<\/li>\n<li>a legmodernebb audiovizu\u00e1lis technika<\/li>\n<li>professzion\u00e1lis narr\u00e1ci\u00f3 idegen nyelven is<\/li>\n<li>professzion\u00e1lis ut\u00f3munka (v\u00e1g\u00e1s, f\u00e9nyel\u00e9s, anim\u00e1ci\u00f3 stb.)<\/li>\n<li>rugalmas szakmai kommunik\u00e1ci\u00f3 az egy\u00fcttm\u0171k\u00f6d\u00e9s sor\u00e1n<\/li>\n<\/ul>\n<\/div>\n<div>\n<div style=\"height: 4px;\" class=\"uk-margin-top uk-background-primary\"><\/div>\n<\/div>\n<h2>Munk\u00e1ink<\/h2>\n<div>\n<\/div>\n<h2>Partnerek<\/h2>\n<ul>\n<li>\n<p>        <img decoding=\"async\" src=\"\/wp-content\/uploads\/2025\/06\/Audi-Logo_2016.svg\" alt=\"\"><\/p>\n<\/li>\n<li>\n<p>        <img decoding=\"async\" src=\"\/wp-content\/uploads\/2025\/06\/image001.png\" alt=\"\"><\/p>\n<\/li>\n<li>\n<p>        <img decoding=\"async\" src=\"\/wp-content\/uploads\/2025\/06\/kardirex-logo-1.webp\" alt=\"\"><\/p>\n<\/li>\n<li>\n<p>        <img decoding=\"async\" src=\"\/wp-content\/uploads\/2025\/06\/Buchl-Logo-hungaria_-01.svg\" alt=\"\"><\/p>\n<\/li>\n<li>\n<p>        <img decoding=\"async\" src=\"\/wp-content\/uploads\/2025\/06\/dein_tax_with_tagline-1.svg\" alt=\"\"><\/p>\n<\/li>\n<li>\n<p>        <img decoding=\"async\" src=\"\/wp-content\/uploads\/2025\/06\/ovarvafa_logo.png\" alt=\"\"><\/p>\n<\/li>\n<\/ul>\n<hr>\n<div>\u00c9rdekes?<br class=\"uk-visible@s\" \/><span class=\"uk-text-primary\">Kapcsol\u00f3djunk!<\/span><\/div>\n<p><p>\n        <a href=\"#\">Kapcsolat<\/a>\n    <\/p>\n<\/p>\n<p><!--more--><br \/>\n<!-- {\"type\":\"layout\",\"children\":[{\"type\":\"section\",\"props\":{\"image_position\":\"center-center\",\"padding\":\"large\",\"padding_remove_bottom\":true,\"padding_remove_top\":false,\"style\":\"default\",\"title_breakpoint\":\"xl\",\"title_position\":\"top-left\",\"title_rotation\":\"left\",\"vertical_align\":\"\",\"width\":\"large\"},\"children\":[{\"type\":\"row\",\"props\":{\"margin\":\"large\"},\"children\":[{\"type\":\"column\",\"props\":{\"image_position\":\"center-center\",\"position_sticky_breakpoint\":\"m\",\"width_medium\":\"1-1\"},\"children\":[{\"type\":\"breadcrumbs\",\"props\":{\"show_current\":true,\"show_home\":true}}]}]},{\"type\":\"row\",\"props\":{\"column_gap\":\"large\",\"margin\":\"xlarge\",\"margin_remove_top\":true},\"children\":[{\"type\":\"column\",\"props\":{\"image_position\":\"center-center\",\"position_sticky_breakpoint\":\"m\"},\"children\":[{\"type\":\"headline\",\"props\":{\"content\":\"Film\",\"margin\":\"medium\",\"title_element\":\"h1\"}},{\"type\":\"headline\",\"props\":{\"content\":\"\n\n<div>Im\\u00e1zsfilm, rekl\\u00e1mfilm, interj\\u00fafilm, kreat\\u00edv szpotok magyar, n\\u00e9met, angol nyelven<\\\/div>\",\"margin\":\"medium\",\"title_color\":\"background\",\"title_element\":\"h2\"}},{\"type\":\"text\",\"props\":{\"column_breakpoint\":\"m\",\"content\":\"\n\n<p class=\\\"p1\\\">Legyen sz\\u00f3 referenciafilmr\\u0151l, ahol pl. egy term\\u00e9k gy\\u00e1rt\\u00e1sa vagy egy szolg\\u00e1ltat\\u00e1s tartalm\\u00e1nak bemutat\\u00e1sa t\\u00f6rt\\u00e9nhet meg forgatott \\u00e9s\\\/vagy anim\\u00e1lt form\\u00e1ban vagy \\u00e9pp szervezeti arculati filmr\\u0151l (Corporate Identity film), ahol egy szervezet vizu\\u00e1lis jellegzetess\\u00e9geit, \\u00e9rt\\u00e9keit mutatjuk be, a film, mint marketingkommunik\\u00e1ci\\u00f3s eszk\\u00f6z <strong>kiv\\u00e1l\\u00f3 lehet\\u0151s\\u00e9g a h\\u00edrn\\u00e9v\\u00e9p\\u00edt\\u00e9sben.<\\\/strong><\\\/p>\\n\n\n<p>A t\\u00f6k\\u00e9letes film receptje a k\\u00f6vetkez\\u0151:<\\\/p>\\n\n\n<ul>\\n\n\n<li>kivitelezhet\\u0151, kreat\\u00edv koncepci\\u00f3<\\\/li>\\n\n\n<li>megfelel\\u0151en \\u00f6ssze\\u00e1ll\\u00edtott timing, helysz\\u00edni szervez\\u00e9s \\u00e9s koordin\\u00e1ci\\u00f3<\\\/li>\\n\n\n<li>professzion\\u00e1lis operat\\u0151r \\u00e9s forgat\\u00e1svezet\\u0151<\\\/li>\\n\n\n<li>a legmodernebb audiovizu\\u00e1lis technika<\\\/li>\\n\n\n<li>professzion\\u00e1lis narr\\u00e1ci\\u00f3 idegen nyelven is<\\\/li>\\n\n\n<li>professzion\\u00e1lis ut\\u00f3munka (v\\u00e1g\\u00e1s, f\\u00e9nyel\\u00e9s, anim\\u00e1ci\\u00f3 stb.)<\\\/li>\\n\n\n<li>rugalmas szakmai kommunik\\u00e1ci\\u00f3 az egy\\u00fcttm\\u0171k\\u00f6d\\u00e9s sor\\u00e1n<\\\/li>\\n<\\\/ul>\",\"margin\":\"large\",\"margin_remove_top\":true,\"text_style\":\"lead\"}}]}]},{\"type\":\"row\",\"props\":{\"layout\":\"1-4,3-4\"},\"children\":[{\"type\":\"column\",\"props\":{\"image_position\":\"center-center\",\"position_sticky_breakpoint\":\"m\",\"width_medium\":\"1-4\"}},{\"type\":\"column\",\"props\":{\"image_position\":\"center-center\",\"padding\":\"none\",\"position_sticky_breakpoint\":\"m\",\"width_medium\":\"3-4\"},\"children\":[{\"type\":\"html\",\"props\":{\"content\":\"\n\n<div style=\\\"height: 4px;\\\" class=\\\"uk-margin-top uk-background-primary\\\"><\\\/div>\"}}]}]}],\"name\":\"About\"},{\"type\":\"section\",\"props\":{\"height\":\"viewport\",\"height_viewport\":55,\"image\":\"wp-content\\\/uploads\\\/2025\\\/06\\\/1747474809270.jpeg\",\"image_effect\":\"parallax\",\"image_loading\":true,\"image_parallax_bgy\":\"50,-50\",\"image_parallax_breakpoint\":\"m\",\"image_parallax_easing\":\"1\",\"image_position\":\"center-center\",\"image_size\":\"cover\",\"image_width\":\"2560\",\"padding\":\"xlarge\",\"style\":\"default\",\"title_breakpoint\":\"xl\",\"title_position\":\"top-left\",\"title_rotation\":\"left\",\"vertical_align\":\"middle\",\"width\":\"default\"},\"children\":[{\"type\":\"row\",\"children\":[{\"type\":\"column\",\"props\":{\"image_position\":\"center-center\",\"position_sticky_breakpoint\":\"m\",\"width_medium\":\"1-1\"}}]}],\"name\":\"Image\"},{\"type\":\"section\",\"props\":{\"image_position\":\"center-center\",\"padding\":\"large\",\"padding_remove_bottom\":true,\"style\":\"muted\",\"title_breakpoint\":\"xl\",\"title_position\":\"top-left\",\"title_rotation\":\"left\",\"vertical_align\":\"\",\"width\":\"large\"},\"children\":[{\"type\":\"row\",\"children\":[{\"type\":\"column\",\"props\":{\"image_position\":\"center-center\",\"position_sticky_breakpoint\":\"m\",\"width_medium\":\"1-1\"},\"children\":[{\"type\":\"headline\",\"props\":{\"content\":\"Munk\\u00e1ink\",\"title_element\":\"h2\",\"title_style\":\"h3\"}},{\"type\":\"grid\",\"props\":{\"content_column_breakpoint\":\"m\",\"content_margin\":\"medium\",\"filter_align\":\"left\",\"filter_all\":true,\"filter_grid_breakpoint\":\"m\",\"filter_grid_width\":\"auto\",\"filter_position\":\"top\",\"filter_style\":\"tab\",\"grid_default\":\"1\",\"grid_divider\":false,\"grid_masonry\":\"pack\",\"grid_medium\":\"3\",\"grid_row_gap\":\"medium\",\"grid_xlarge\":\"3\",\"icon_width\":80,\"image_align\":\"left\",\"image_grid_breakpoint\":\"m\",\"image_grid_width\":\"auto\",\"image_height\":\"570\",\"image_link\":true,\"image_svg_color\":\"emphasis\",\"image_width\":\"900\",\"item_animation\":true,\"lightbox_bg_close\":true,\"link_margin\":\"medium\",\"link_style\":\"primary\",\"link_target\":false,\"link_text\":\"Megtekint\\u00e9s\",\"margin\":\"medium\",\"meta_align\":\"below-title\",\"meta_element\":\"div\",\"meta_margin\":\"small\",\"meta_style\":\"text-meta\",\"panel_image_no_padding\":true,\"panel_link\":false,\"panel_padding\":\"default\",\"panel_style\":\"card-default\",\"parallax_easing\":\"1\",\"show_content\":true,\"show_hover_image\":true,\"show_hover_video\":true,\"show_image\":true,\"show_link\":true,\"show_meta\":true,\"show_title\":true,\"show_video\":true,\"title_align\":\"top\",\"title_element\":\"h3\",\"title_grid_breakpoint\":\"m\",\"title_grid_width\":\"1-2\",\"title_hover_style\":\"reset\",\"title_link\":true,\"title_style\":\"h2\"},\"children\":[{\"type\":\"grid_item\",\"props\":{\"content\":\"\",\"item_element\":\"article\",\"meta\":\"\"},\"source\":{\"query\":{\"name\":\"projekts.customProjekts\",\"arguments\":{\"terms\":[5],\"category_operator\":\"IN\",\"users\":[],\"users_operator\":\"IN\",\"offset\":0,\"limit\":10,\"order\":\"date\",\"order_direction\":\"DESC\"}},\"props\":{\"title\":{\"name\":\"title\"},\"image\":{\"name\":\"featuredImage.url\"},\"link\":{\"name\":\"link\"}}}}]}]}]}],\"name\":\"Partnerek + munk\\u00e1ink\"},{\"type\":\"section\",\"props\":{\"image_position\":\"center-center\",\"padding\":\"large\",\"padding_remove_bottom\":true,\"style\":\"muted\",\"title_breakpoint\":\"xl\",\"title_position\":\"top-left\",\"title_rotation\":\"left\",\"vertical_align\":\"middle\",\"width\":\"default\"},\"children\":[{\"type\":\"row\",\"props\":{\"layout\":\"1-4,3-4\",\"margin\":\"xlarge\"},\"children\":[{\"type\":\"column\",\"props\":{\"image_position\":\"center-center\",\"position_sticky_breakpoint\":\"m\",\"width_medium\":\"1-4\"},\"children\":[{\"type\":\"headline\",\"props\":{\"content\":\"Partnerek\",\"text_align\":\"left\",\"text_align_breakpoint\":\"m\",\"text_align_fallback\":\"center\",\"title_element\":\"h2\",\"title_style\":\"h3\"}}]},{\"type\":\"column\",\"props\":{\"image_position\":\"center-center\",\"position_sticky_breakpoint\":\"m\",\"width_medium\":\"3-4\"},\"children\":[{\"type\":\"panel-slider\",\"props\":{\"content_column_breakpoint\":\"m\",\"icon_width\":80,\"image_align\":\"top\",\"image_grid_breakpoint\":\"m\",\"image_grid_width\":\"1-2\",\"image_svg_color\":\"emphasis\",\"image_width\":200,\"link_style\":\"default\",\"link_target\":true,\"link_text\":\"\",\"margin\":\"default\",\"meta_align\":\"below-title\",\"meta_element\":\"div\",\"meta_style\":\"text-meta\",\"nav\":\"dotnav\",\"nav_align\":\"center\",\"nav_breakpoint\":\"s\",\"panel_link\":false,\"panel_match\":true,\"parallax_easing\":\"1\",\"show_content\":true,\"show_hover_image\":true,\"show_hover_video\":true,\"show_image\":true,\"show_link\":true,\"show_meta\":true,\"show_title\":true,\"show_video\":true,\"slidenav\":\"outside\",\"slidenav_breakpoint\":\"xl\",\"slidenav_margin\":\"medium\",\"slidenav_outside_breakpoint\":\"xl\",\"slider_autoplay\":true,\"slider_autoplay_interval\":\"5\",\"slider_autoplay_pause\":true,\"slider_gap\":\"default\",\"slider_sets\":false,\"slider_width\":\"fixed\",\"slider_width_default\":\"1-1\",\"slider_width_medium\":\"1-3\",\"text_align\":\"left\",\"text_align_breakpoint\":\"m\",\"text_align_fallback\":\"center\",\"title_align\":\"top\",\"title_element\":\"div\",\"title_grid_breakpoint\":\"m\",\"title_grid_width\":\"1-2\",\"title_hover_style\":\"heading\",\"title_link\":true,\"title_style\":\"h5\"},\"children\":[{\"type\":\"panel-slider_item\",\"props\":{\"image\":\"wp-content\\\/uploads\\\/2025\\\/06\\\/Audi-Logo_2016.svg\",\"title\":\"\"}},{\"type\":\"panel-slider_item\",\"props\":{\"image\":\"wp-content\\\/uploads\\\/2025\\\/06\\\/image001.png\",\"title\":\"\"}},{\"type\":\"panel-slider_item\",\"props\":{\"image\":\"wp-content\\\/uploads\\\/2025\\\/06\\\/kardirex-logo-1.webp\",\"title\":\"\"}},{\"type\":\"panel-slider_item\",\"props\":{\"image\":\"wp-content\\\/uploads\\\/2025\\\/06\\\/Buchl-Logo-hungaria_-01.svg\",\"title\":\"\"}},{\"type\":\"panel-slider_item\",\"props\":{\"image\":\"wp-content\\\/uploads\\\/2025\\\/06\\\/dein_tax_with_tagline-1.svg\",\"title\":\"\"}},{\"type\":\"panel-slider_item\",\"props\":{\"image\":\"wp-content\\\/uploads\\\/2025\\\/06\\\/ovarvafa_logo.png\",\"title\":\"\"}}]}]}]},{\"type\":\"row\",\"props\":{\"margin_remove_top\":true},\"children\":[{\"type\":\"column\",\"props\":{\"image_position\":\"center-center\",\"position_sticky_breakpoint\":\"m\",\"width_medium\":\"1-1\"},\"children\":[{\"type\":\"divider\",\"props\":{\"divider_element\":\"hr\"}}]}]}],\"name\":\"Partnerek log\\u00f3k\"},{\"type\":\"section\",\"props\":{\"image_position\":\"center-center\",\"padding\":\"large\",\"style\":\"muted\",\"title_breakpoint\":\"xl\",\"title_position\":\"top-left\",\"title_rotation\":\"left\",\"vertical_align\":\"\",\"width\":\"large\"},\"children\":[{\"type\":\"row\",\"children\":[{\"type\":\"column\",\"props\":{\"image_position\":\"center-center\",\"position_sticky_breakpoint\":\"m\",\"style\":\"tile-default\",\"width_medium\":\"1-1\"},\"children\":[{\"type\":\"headline\",\"props\":{\"content\":\"\\u00c9rdekes?<br class=\\\"uk-visible@s\\\" \\\/><span class=\\\"uk-text-primary\\\">Kapcsol\\u00f3djunk!<\\\/span>\",\"text_align\":\"center\",\"title_element\":\"div\",\"title_style\":\"h1\"}},{\"type\":\"button\",\"props\":{\"grid_column_gap\":\"small\",\"grid_row_gap\":\"small\",\"margin\":\"default\",\"text_align\":\"center\"},\"children\":[{\"type\":\"button_item\",\"props\":{\"button_style\":\"primary\",\"content\":\"Kapcsolat\",\"dialog_layout\":\"modal\",\"dialog_offcanvas_flip\":true,\"icon_align\":\"left\",\"link\":\"#\"}}]}]}]}],\"name\":\"Call to Action\"}],\"version\":\"4.5.11\"} --><\/p>\n","protected":false},"excerpt":{"rendered":"<p>Film Im\u00e1zsfilm, rekl\u00e1mfilm, interj\u00fafilm, kreat\u00edv szpotok magyar, n\u00e9met, angol nyelven Legyen sz\u00f3 referenciafilmr\u0151l, ahol pl. egy term\u00e9k gy\u00e1rt\u00e1sa vagy egy szolg\u00e1ltat\u00e1s tartalm\u00e1nak bemutat\u00e1sa t\u00f6rt\u00e9nhet meg forgatott \u00e9s\/vagy anim\u00e1lt form\u00e1ban vagy \u00e9pp szervezeti arculati filmr\u0151l (Corporate Identity film), ahol egy szervezet vizu\u00e1lis jellegzetess\u00e9geit, \u00e9rt\u00e9keit mutatjuk be, a film, mint marketingkommunik\u00e1ci\u00f3s eszk\u00f6z kiv\u00e1l\u00f3 lehet\u0151s\u00e9g a h\u00edrn\u00e9v\u00e9p\u00edt\u00e9sben. A [&hellip;]<\/p>\n","protected":false},"author":1,"featured_media":0,"parent":0,"menu_order":0,"comment_status":"closed","ping_status":"closed","template":"","meta":{"_acf_changed":false,"footnotes":""},"class_list":["post-109","page","type-page","status-publish","hentry"],"acf":[],"lang":"hu","translations":{"hu":109,"de":417},"pll_sync_post":[],"_links":{"self":[{"href":"https:\/\/youniquecommunication.hu\/index.php?rest_route=\/wp\/v2\/pages\/109","targetHints":{"allow":["GET"]}}],"collection":[{"href":"https:\/\/youniquecommunication.hu\/index.php?rest_route=\/wp\/v2\/pages"}],"about":[{"href":"https:\/\/youniquecommunication.hu\/index.php?rest_route=\/wp\/v2\/types\/page"}],"author":[{"embeddable":true,"href":"https:\/\/youniquecommunication.hu\/index.php?rest_route=\/wp\/v2\/users\/1"}],"replies":[{"embeddable":true,"href":"https:\/\/youniquecommunication.hu\/index.php?rest_route=%2Fwp%2Fv2%2Fcomments&post=109"}],"version-history":[{"count":6,"href":"https:\/\/youniquecommunication.hu\/index.php?rest_route=\/wp\/v2\/pages\/109\/revisions"}],"predecessor-version":[{"id":590,"href":"https:\/\/youniquecommunication.hu\/index.php?rest_route=\/wp\/v2\/pages\/109\/revisions\/590"}],"wp:attachment":[{"href":"https:\/\/youniquecommunication.hu\/index.php?rest_route=%2Fwp%2Fv2%2Fmedia&parent=109"}],"curies":[{"name":"wp","href":"https:\/\/api.w.org\/{rel}","templated":true}]}}